{"id":87,"date":"2020-05-21T11:07:02","date_gmt":"2020-05-21T11:07:02","guid":{"rendered":"http:\/\/www.sogecaburkina.com\/?page_id=87"},"modified":"2025-10-31T23:57:32","modified_gmt":"2025-10-31T23:57:32","slug":"emplois","status":"publish","type":"page","link":"https:\/\/www.sogecaburkina.com\/?page_id=87","title":{"rendered":"Emplois"},"content":{"rendered":"\n<p class=\"page_title has-text-color\" style=\"color:#00aae8\">Emplois<\/p>\n\n\n\n<p><strong>AVIS DE<br>RECRUTEMENT <\/strong><\/p>\n\n\n\n<p>La<strong> Soci\u00e9t\u00e9<br>G\u00e9n\u00e9rale d\u2019Expertise Comptable et d\u2019Audit (SOGECA INTERNATIONAL SARL)<\/strong> recrute pour le compte d\u2019une structure de la place, les profils ci-dessous\u00a0:<\/p>\n\n\n\n<p><\/p>\n\n\n\n<p>La<strong> Soci\u00e9t\u00e9\nG\u00e9n\u00e9rale d\u2019Expertise Comptable et d\u2019Audit (SOGECA INTERNATIONAL SARL)<\/strong> recrute pour le compte d\u2019une\nimportante soci\u00e9t\u00e9 bas\u00e9e \u00e0 Banfora les profils ci-dessous&nbsp;:<\/p>\n\n\n\n<div style=\"width: 70; height: 900px; overflow: scroll;\">\n\n\n\n<ol class=\"wp-block-list\">\n<li><strong>Conditions g\u00e9n\u00e9rales<\/strong><\/li>\n\n\n\n<li>\u00catre<br>de nationalit\u00e9 Burkinab\u00e8\u00a0;<\/li>\n\n\n\n<li>\u00catre \u00e2g\u00e9e de<br>dix-huit (18) au moins et de 40 au plus au 31 d\u00e9cembre 2024 ; <\/li>\n\n\n\n<li>\u00catre de bonne<br>moralit\u00e9 ; <\/li>\n\n\n\n<li>\u00catre imm\u00e9diatement<br>disponible ; <\/li>\n\n\n\n<li>\u00catre physiquement<br>apte.<\/li>\n<\/ol>\n\n\n\n<ol class=\"wp-block-list\">\n<li><strong>Qualification, exp\u00e9riences professionnelles et<br>aptitude pour les postes \u00e0 pourvoir<\/strong><\/li>\n<\/ol>\n\n\n\n<p><strong>POSTE N\u00b0 1&nbsp;: <\/strong><strong>&nbsp;Intitul\u00e9 du Poste : Chauffeur<\/strong><strong><\/strong><\/p>\n\n\n\n<p><strong>Nombre de poste \u00e0 pourvoir&nbsp;: Un (1)<\/strong><\/p>\n\n\n\n<ol class=\"wp-block-list\">\n<li><strong>Dipl\u00f4me<br>et qualifications requises<\/strong><\/li>\n\n\n\n<li>\u00catre titulaire d&#8217;au-moins un permis<br>de conduire cat\u00e9gorie \u00ab C \u00bb ; <\/li>\n\n\n\n<li>Savoir lire et \u00e9crire en fran\u00e7ais ; <\/li>\n\n\n\n<li>Avoir au moins trois (03) ans<br>d&#8217;exp\u00e9rience progressive dans la conduite en tant que chauffeur et des<br>ant\u00e9c\u00e9dents de conduite en toute s\u00e9curit\u00e9 ; <\/li>\n\n\n\n<li>Avoir une culture du r\u00e9sultat ;<\/li>\n\n\n\n<li>Respecter et promouvoir les<br>diff\u00e9rences individuelles et culturelles ; <\/li>\n\n\n\n<li>\u00catre ponctuel ; Savoir anticiper les<br>probl\u00e8mes de circulation en ville et g\u00e9rer le stress au volant ; Avoir une<br>bonne connaissance des r\u00e8gles de s\u00e9curit\u00e9 \u00e0 la conduite <\/li>\n\n\n\n<li>Avoir des connaissances en m\u00e9canique<br>auto serait un atout.<\/li>\n<\/ol>\n\n\n\n<ol class=\"wp-block-list\">\n<li><strong>R\u00f4les<br>et Attributions<\/strong><\/li>\n\n\n\n<li>Ex\u00e9cuter les t\u00e2ches<br>de conduite et d&#8217;entretien de v\u00e9hicule\u00a0;<\/li>\n\n\n\n<li>Assurer la conduite<br>du personnel dans la ville et pendant les missions hors de la ville ;<\/li>\n\n\n\n<li>Conduire de mani\u00e8re<br>efficace et en toute s\u00e9curit\u00e9 ; Respecter les normes de s\u00e9curit\u00e9 routi\u00e8re <\/li>\n\n\n\n<li>Garantir la<br>protection du personnel ; Respecter les trajets d\u00e9finis ; Effectuer les courses<br>internes ; Assurer l&#8217;entretien quotidien des v\u00e9hicules et la surveillance des<br>r\u00e9parations des v\u00e9hicules ; <\/li>\n\n\n\n<li>Assurer la surveillance<br>technique des d\u00e9lais de vidange, de visite technique et de renouvellement de<br>l&#8217;assurance du v\u00e9hicule.<\/li>\n\n\n\n<li>Remplir les carnets<br>et assurer la tenue \u00e0 jour du tableau de bord du v\u00e9hicule<\/li>\n<\/ol>\n\n\n\n<p><a><strong>POSTE N\u00b0 2 : Intitul\u00e9\ndu Poste : <\/strong><\/a><strong>Un Electrom\u00e9canicien<\/strong><strong><\/strong><\/p>\n\n\n\n<p><strong>Nombre\nde poste \u00e0 pourvoir&nbsp;: Un (1)<\/strong><\/p>\n\n\n\n<p><a><strong>2.1.&nbsp; Profil, qualification et qualit\u00e9 requise <\/strong><\/a><strong>:<\/strong><\/p>\n\n\n\n<ul class=\"wp-block-list\">\n<li>\u00catre titulaire d\u2019un\u00a0\u00a0 BEP ou CQP et d&#8217;un\u00a0\u00a0 Bac+2 en \u00e9lectrom\u00e9canique ;<\/li>\n\n\n\n<li>Avoir une<br>exp\u00e9rience de trois (03) ans dans une soci\u00e9t\u00e9 industrielle agroalimentaire sera<br>un atout ;<\/li>\n\n\n\n<li>\u00catre de bonne<br>moralit\u00e9 ; Avoir un esprit d&#8217;analyse et de cr\u00e9ativit\u00e9 dans la recherche<\/li>\n<\/ul>\n\n\n\n<p>de solution ; \u00catre\ncapable de travailler en \u00e9quipe et sous pression ;<\/p>\n\n\n\n<ul class=\"wp-block-list\">\n<li>Avoir une bonne<br>connaissance en m\u00e9canique et \u00e9lectricit\u00e9 industrielle ;<\/li>\n\n\n\n<li>Avoir une bonne connaissance<br>en automates ;<\/li>\n\n\n\n<li>Avoir\u00a0\u00a0 une\u00a0\u00a0<br>bonne\u00a0\u00a0 connaissance\u00a0\u00a0 en\u00a0\u00a0<br>hydraulique\u00a0\u00a0 et pneumatique<br>industriel ;<\/li>\n\n\n\n<li>Avoir une bonne<br>connaissance des distributions basses et moyennes tensions ;<\/li>\n\n\n\n<li>Bonne ma\u00eetrise des<br>outils informatiques (Word, Excel, Power point, etc..) ;<\/li>\n\n\n\n<li>Savoir faire preuve<br>de leadership et \u00eatre capable de coordonner une \u00e9quipe de techniciens <\/li>\n\n\n\n<li>Avoir un esprit<br>d&#8217;analyse et de cr\u00e9ativit\u00e9 dans la recherche de solution.<\/li>\n<\/ul>\n\n\n\n<p><a><strong>5.2. R\u00f4les et Attributions&nbsp;:<\/strong><\/a> <\/p>\n\n\n\n<ul class=\"wp-block-list\">\n<li>Tests, r\u00e9paration<br>ou remplacement des c\u00e2blages ou des composants d\u00e9fectueux dans l&#8217;appareillage<br>de j connexion \u00e9lectrique ;<\/li>\n\n\n\n<li>\u00a0Mise \u00e0 l&#8217;essai des moteurs, des<br>transformateurs, des appareillages de connexion ou d&#8217;autres dispositifs<br>\u00e9lectriques r\u00e9par\u00e9s afin d&#8217;en assurer la performance appropri\u00e9e ; <\/li>\n\n\n\n<li>Travaux d&#8217;usinage<br>pour remise \u00e0 neuf ou modification des pi\u00e8ces ; <\/li>\n\n\n\n<li>Entretien et<br>r\u00e9paration sur place ; <\/li>\n\n\n\n<li>\u00a0\u00c9valuation des types de r\u00e9parations, du temps<br>requis et des co\u00fbts ; <\/li>\n\n\n\n<li>R\u00e9daction des<br>fiches techniques d&#8217;intervention pour le dossier de maintenance des machines ; <\/li>\n\n\n\n<li>Participation \u00e0<br>l&#8217;am\u00e9lioration des proc\u00e9dures ; <\/li>\n\n\n\n<li>Participation \u00e0 des<br>projets et partage de son expertise en \u00e9lectricit\u00e9 et en m\u00e9canique.<\/li>\n<\/ul>\n\n\n\n<p><strong>POSTE N\u00b0 3 : Intitul\u00e9 du Poste : <\/strong><strong>Un M\u00e9canicien<\/strong><strong><\/strong><\/p>\n\n\n\n<p><strong>Nombre de poste \u00e0 pourvoir&nbsp;: Un (1)<\/strong><\/p>\n\n\n\n<p><strong>3.1.&nbsp; Profil, qualification et qualit\u00e9 requise<\/strong><\/p>\n\n\n\n<ul class=\"wp-block-list\">\n<li>\u00a0\u00catre titulaire d&#8217;un BEP ou CQP et d&#8217;un Bac+2 en<br>m\u00e9canique ; <\/li>\n\n\n\n<li>Avoir une exp\u00e9rience de trois (03) ans dans une<br>soci\u00e9t\u00e9 industrielle agroalimentaire sera un atout ; <\/li>\n\n\n\n<li>Bonne connaissance des mat\u00e9riaux et des techniques<br>de fabrication ; <\/li>\n\n\n\n<li>Comprendre\u00a0\u00a0<br>les\u00a0\u00a0 sch\u00e9mas\u00a0\u00a0 techniques\u00a0\u00a0<br>et\u00a0\u00a0 les\u00a0\u00a0 plans\u00a0\u00a0<br>de fabrication ; <\/li>\n\n\n\n<li>Ma\u00eetriser les outils et machines de fabrication ;<\/li>\n\n\n\n<li>Savoir lire et interpr\u00e9ter des plans et des<br>diagrammes ;<\/li>\n\n\n\n<li>Ma\u00eetriser les normes et proc\u00e9dures de s\u00e9curit\u00e9 ;<\/li>\n\n\n\n<li>Bonne capacit\u00e9 d&#8217;analyse et de r\u00e9solution de<br>probl\u00e8mes ; Bonne capacit\u00e9 d&#8217;adaptation ; Esprit d&#8217;analyse et de d\u00e9duction ;<br>Grand sens de l&#8217;organisation et de la pr\u00e9cision ; Sens de l&#8217;initiative et de la<br>responsabilit\u00e9 ; <\/li>\n\n\n\n<li>Int\u00e9r\u00eat pour les technologies et la m\u00e9canique.<\/li>\n<\/ul>\n\n\n\n<p><a><strong>3.2.\nR\u00f4les et Attributions&nbsp;:<\/strong><\/a> <\/p>\n\n\n\n<ul class=\"wp-block-list\">\n<li>Assurer le bon fonctionnement des \u00e9quipements de la<br>soci\u00e9t\u00e9<\/li>\n<\/ul>\n\n\n\n<p><strong>Maintenance pr\u00e9ventive : <\/strong><\/p>\n\n\n\n<ul class=\"wp-block-list\">\n<li>R\u00e9aliser des inspections r\u00e9guli\u00e8res afin de<br>d\u00e9tecter toute d\u00e9faillance potentielle ou usure excessive des \u00e9quipements ; <\/li>\n\n\n\n<li>Effectuer les op\u00e9rations n\u00e9cessaires pour pr\u00e9venir<br>les pannes ou dysfonctionnements.<\/li>\n<\/ul>\n\n\n\n<p><strong>R\u00e9paration en cas de panne ou de dysfonctionnement\n:<\/strong><\/p>\n\n\n\n<ul class=\"wp-block-list\">\n<li>\u00a0Intervenir<br>rapidement pour diagnostiquer le\u00a0\u00a0 probl\u00e8me<br>et proc\u00e9der \u00e0 sa r\u00e9paration ; <\/li>\n\n\n\n<li>Remplacer les pi\u00e8ces d\u00e9fectueuses, ajuster certains<br>\u00e9l\u00e9ments ou effectuer des soudures si n\u00e9cessaire.<\/li>\n<\/ul>\n\n\n\n<p><a><strong>POSTE N\u00b0 4 : Intitul\u00e9 du Poste : Un Electricien<\/strong><\/a><\/p>\n\n\n\n<p><strong>Nombre de poste \u00e0 pourvoir : Un (1)<\/strong><\/p>\n\n\n\n<p><strong>4.1.&nbsp; Profil,\nqualification et qualit\u00e9 requise<\/strong><\/p>\n\n\n\n<ul class=\"wp-block-list\">\n<li>\u00catre<br>titulaire d&#8217;un BEP ou CQP et d&#8217;un Bac+2 en \u00e9lectricit\u00e9 industrielle\u00a0;<\/li>\n\n\n\n<li>\u00a0Rigoureux, pr\u00e9cis et habile manuellement ; Ing\u00e9niosit\u00e9 et initiatives ; <\/li>\n\n\n\n<li>Go\u00fbt pour la<br>technologie et capacit\u00e9 \u00e0 s&#8217;adapter \u00e0 l&#8217;\u00e9volution<br>constante des outils et techniques ; <\/li>\n\n\n\n<li>Connaissances en \u00e9lectrotechnique ; <\/li>\n\n\n\n<li>Capacit\u00e9 de lire les sch\u00e9mas et plans des circuits ; <\/li>\n\n\n\n<li>Comp\u00e9tences\u00a0\u00a0\u00a0<br>dans\u00a0\u00a0\u00a0 la\u00a0\u00a0\u00a0 r\u00e9alisation\u00a0;<br>L\u2019installation et l&#8217;entretien des syst\u00e8mes<br>\u00e9lectriques<br>; <\/li>\n\n\n\n<li>Comp\u00e9tences dans le montage et le c\u00e2blage des tableaux et armoires \u00e9lectriques civils et industriels ; <\/li>\n\n\n\n<li>Solides<br>connaissances en physique et en math\u00e9matiques\u00a0;<\/li>\n\n\n\n<li>Connaissance<br>des normes et r\u00e8gles<br>de s\u00e9curit\u00e9 en vigueur ; <\/li>\n\n\n\n<li>Capacit\u00e9 \u00e0<br>lire des sch\u00e9mas<br>et des plans.<\/li>\n<\/ul>\n\n\n\n<p><a><strong>4.2.\nR\u00f4les et Attributions&nbsp;:<\/strong><\/a> <\/p>\n\n\n\n<ul class=\"wp-block-list\">\n<li>Assurer l&#8217;installation, la surveillance, la<br>maintenance et le d\u00e9pannage des \u00e9quipements \u00e9lectrique de la soci\u00e9t\u00e9<\/li>\n\n\n\n<li>Mettre en service les \u00e9quipements \u00e9lectriques<br>; <\/li>\n\n\n\n<li>Intervenir en urgence sur les pannes<br>\u00e9lectriques ; <\/li>\n\n\n\n<li>Localiser les dysfonctionnements ; Maintenir<br>et d\u00e9panner des machines \u00e9lectriques <\/li>\n\n\n\n<li>Poser des chemins de c\u00e2bles, effectuer du<br>c\u00e2blage et tirage de c\u00e2bles sur machines\u00a0; <\/li>\n\n\n\n<li>Etc\u2026<\/li>\n<\/ul>\n\n\n\n<p><strong>POSTE N\u00b0 5\n: Intitul\u00e9 du Poste : Un Technicien Biochimiste<\/strong><\/p>\n\n\n\n<p><strong>Nombre de\nposte \u00e0 pourvoir : Un (1)<\/strong><\/p>\n\n\n\n<p><strong>5.1.&nbsp; Profil, qualification et qualit\u00e9 requise<\/strong><\/p>\n\n\n\n<ul class=\"wp-block-list\">\n<li>\u00catre titulaire d&#8217;un Bac+2 en biochimie ou dans<br>une science biologique connexe ; <\/li>\n\n\n\n<li>Capacit\u00e9 \u00e0 travailler efficacement dans un<br>environnement de laboratoire ; <\/li>\n\n\n\n<li>\u00a0Excellentes comp\u00e9tences pratiques en<br>laboratoire ;<\/li>\n\n\n\n<li>Connaissance de la chimie, de la biochimie et<br>de la biologie ; <\/li>\n\n\n\n<li>Capacit\u00e9 \u00e0 analyser et interpr\u00e9ter des donn\u00e9es<br>; <\/li>\n\n\n\n<li>Bonne organisation et capacit\u00e9 \u00e0 r\u00e9soudre des<br>probl\u00e8mes ; <\/li>\n\n\n\n<li>Bonne capacit\u00e9 de communication ; <\/li>\n\n\n\n<li>Excellente attention aux d\u00e9tails ; <\/li>\n\n\n\n<li>Capable de travailler avec pr\u00e9cision et<br>efficacit\u00e9 ; <\/li>\n\n\n\n<li>Connaissance\u00a0\u00a0<br>de\u00a0\u00a0\u00a0 l&#8217;\u00e9quipement\u00a0\u00a0 et\u00a0\u00a0<br>des\u00a0\u00a0 techniques\u00a0\u00a0 de laboratoire ; <\/li>\n<\/ul>\n\n\n\n<p><strong>5.2. R\u00f4les et Attributions&nbsp;:<\/strong> <\/p>\n\n\n\n<ul class=\"wp-block-list\">\n<li>Analyser et de contr\u00f4ler les mati\u00e8res<br>premi\u00e8res et les produits finis ;<\/li>\n\n\n\n<li>V\u00e9rifier leur conformit\u00e9 aux normes de<br>fabrication et \u00e0 la l\u00e9gislation en vigueur.<\/li>\n\n\n\n<li>Veiller aux r\u00e8gles d&#8217;hygi\u00e8ne et de s\u00e9curit\u00e9 ; <\/li>\n\n\n\n<li>Effectuer des contr\u00f4les de conformit\u00e9 des<br>mati\u00e8res ; <\/li>\n\n\n\n<li>Pr\u00e9lever des \u00e9chantillons ; Effectuer la<br>maintenance ; \u00c9tablir les rapports d&#8217;intervention et de suivi ; <\/li>\n\n\n\n<li>\u00c9tablir les proc\u00e9dures de test ; Participer \u00e0<br>l&#8217;am\u00e9lioration des modes de production et \u00e0 la mise au point des nouveaux<br>produits.<\/li>\n\n\n\n<li>R\u00e9aliser des tests et des exp\u00e9riences pour<br>\u00e9tudier les propri\u00e9t\u00e9s biologiques et chimiques des organismes vivants.<\/li>\n<\/ul>\n\n\n\n<ol class=\"wp-block-list\">\n<li><strong>Composition de dossiers<\/strong><\/li>\n<\/ol>\n\n\n\n<p>Le dossier de\ncandidature sera compos\u00e9 des pi\u00e8ces suivantes&nbsp;: <\/p>\n\n\n\n<ul class=\"wp-block-list\">\n<li>Une demande manuscrite timbr\u00e9e \u00e0 200 francs<br>CFA et adress\u00e9e \u00e0 Monsieur l\u2019Associ\u00e9 G\u00e9rant du Cabinet SOGECA International ;<\/li>\n\n\n\n<li>Une<br>copie l\u00e9galis\u00e9e de la CNIB\u00a0;<\/li>\n\n\n\n<li>Un<br>extrait de naissance\u00a0;<\/li>\n\n\n\n<li>Une<br>copie l\u00e9galis\u00e9e du dipl\u00f4me exig\u00e9\u00a0;<\/li>\n\n\n\n<li>Une<br>lettre de motivation\u00a0de deux pages maximums ;<\/li>\n\n\n\n<li>Un<br>curriculum vitae d\u00e9taill\u00e9, n\u2019exc\u00e9dant pas trois pages, dat\u00e9 et sign\u00e9 du<br>candidat et faisant ressortir les exp\u00e9riences professionnelles du<br>candidat\u00a0;<\/li>\n\n\n\n<li>Des<br>copies l\u00e9galis\u00e9es attestations ou certificats de travail pouvant justifier<br>l\u2019exp\u00e9rience.<\/li>\n<\/ul>\n\n\n\n<ol class=\"wp-block-list\">\n<li><strong>D\u00e9roulement du recrutement <\/strong><\/li>\n<\/ol>\n\n\n\n<p>Le recrutement se fera selon la proc\u00e9dure suivante\n:<\/p>\n\n\n\n<ul class=\"wp-block-list\">\n<li>Une phase<br>     de pr\u00e9s\u00e9lection sur dossier ; <\/li>\n\n\n\n<li>Une phase<br>     \u00e9crite <\/li>\n\n\n\n<li>Et une<br>     phase d\u2019entretien oral avec les candidats retenus avec un comit\u00e9 en vue de<br>     la s\u00e9lection d\u00e9finitive.<\/li>\n<\/ul>\n\n\n\n<ul class=\"wp-block-list\">\n<li><strong>Localisation du poste<\/strong><\/li>\n<\/ul>\n\n\n\n<p>Le personnel recrut\u00e9 sera bas\u00e9 \u00e0 Banfora et peut\n\u00eatre affect\u00e9 partout o\u00f9 la structure est repr\u00e9sent\u00e9e.&nbsp;&nbsp;&nbsp;&nbsp;&nbsp;&nbsp;&nbsp;&nbsp;&nbsp;&nbsp;&nbsp;&nbsp;&nbsp;&nbsp;&nbsp; <\/p>\n\n\n\n<ul class=\"wp-block-list\">\n<li><strong>Nature du contrat<\/strong><\/li>\n<\/ul>\n\n\n\n<p>Le personnel recrut\u00e9 sera soumis \u00e0 un contrat \u00e0\ndur\u00e9e ind\u00e9termin\u00e9e.<\/p>\n\n\n\n<ul class=\"wp-block-list\">\n<li><strong>Lieu et date de d\u00e9p\u00f4t des dossiers<\/strong><\/li>\n<\/ul>\n\n\n\n<p>Les dossiers doivent parvenir au si\u00e8ge de SOGECA\nINTERNATIONAL sis \u00e0\nOuagadougou, Secteur 7 Gounghin, Face \u00e0 la RN N\u00b01, 2<sup>\u00e8me<\/sup> \u00e9tage de\nImmeuble SANKARA Boukar\u00e9, c\u00f4t\u00e9 Nord Est du March\u00e9 de Gounghin \u00e0 c\u00f4t\u00e9 de la\npharmacie KAMIN,<strong><em> Tel&nbsp;: 25 34 34 00 <\/em><\/strong>au plus tard\nle<strong> 15 mars 2024 \u00e0 17\nH 00.<\/strong><\/p>\n\n\n\n<p><strong>NB&nbsp;:\n&nbsp;<\/strong><\/p>\n\n\n\n<ul class=\"wp-block-list\">\n<li><strong>Les<br>dossiers sont recevables du lundi au vendredi de 08h30 \u00e0 12h30 et de 14h \u00e0<br>17h00 ;<\/strong><\/li>\n\n\n\n<li><strong>Les dossiers incomplets ne seront<br>pas accept\u00e9s\u00a0;<\/strong><\/li>\n\n\n\n<li><strong>Tous les dossiers re\u00e7us restent la<br>propri\u00e9t\u00e9 du Cabinet\u00a0;<\/strong><\/li>\n\n\n\n<li><strong>Seuls les candidats pr\u00e9s\u00e9lectionn\u00e9s<br>seront contact\u00e9s\u00a0;<\/strong><\/li>\n\n\n\n<li><strong>Le cabinet se r\u00e9serve le droit de ne<br>donner suite \u00e0 ce recrutement.<\/strong><\/li>\n<\/ul>\n\n\n\n<div align=\"right\"><p><strong>Pour avis &nbsp;&nbsp;&nbsp;&nbsp;&nbsp;&nbsp;&nbsp;&nbsp;&nbsp;&nbsp;<\/p> \n<p>Dr. Sompagnimdi Joseph KAFANDO<\/p>\n<p>Expert-comptable Dipl\u00f4m\u00e9<\/p>                                   \n <p>Associ\u00e9 G\u00e9rant de SOGECA International<\/strong><\/p><\/div>\n\n\n\n<\/div>\n","protected":false},"excerpt":{"rendered":"<p>Emplois AVIS DERECRUTEMENT La Soci\u00e9t\u00e9G\u00e9n\u00e9rale d\u2019Expertise Comptable et d\u2019Audit (SOGECA INTERNATIONAL SARL) recrute pour le compte d\u2019une structure de la place, les profils ci-dessous\u00a0: La Soci\u00e9t\u00e9 G\u00e9n\u00e9rale d\u2019Expertise Comptable et d\u2019Audit (SOGECA INTERNATIONAL SARL) recrute pour le compte d\u2019une importante soci\u00e9t\u00e9 bas\u00e9e \u00e0 Banfora les profils ci-dessous&nbsp;: POSTE N\u00b0 1&nbsp;: &nbsp;Intitul\u00e9 du Poste : Chauffeur [&hellip;]<\/p>\n","protected":false},"author":1,"featured_media":0,"parent":0,"menu_order":0,"comment_status":"closed","ping_status":"closed","template":"","meta":{"footnotes":""},"class_list":["post-87","page","type-page","status-publish","hentry"],"yoast_head":"<!-- This site is optimized with the Yoast SEO plugin v26.5 - https:\/\/yoast.com\/wordpress\/plugins\/seo\/ -->\n<title>Emplois - SOGECA<\/title>\n<meta name=\"robots\" content=\"index, follow, max-snippet:-1, max-image-preview:large, max-video-preview:-1\" \/>\n<link rel=\"canonical\" href=\"https:\/\/www.sogecaburkina.com\/?page_id=87\" \/>\n<meta property=\"og:locale\" content=\"en_US\" \/>\n<meta property=\"og:type\" content=\"article\" \/>\n<meta property=\"og:title\" content=\"Emplois - SOGECA\" \/>\n<meta property=\"og:description\" content=\"Emplois AVIS DERECRUTEMENT La Soci\u00e9t\u00e9G\u00e9n\u00e9rale d\u2019Expertise Comptable et d\u2019Audit (SOGECA INTERNATIONAL SARL) recrute pour le compte d\u2019une structure de la place, les profils ci-dessous\u00a0: La Soci\u00e9t\u00e9 G\u00e9n\u00e9rale d\u2019Expertise Comptable et d\u2019Audit (SOGECA INTERNATIONAL SARL) recrute pour le compte d\u2019une importante soci\u00e9t\u00e9 bas\u00e9e \u00e0 Banfora les profils ci-dessous&nbsp;: POSTE N\u00b0 1&nbsp;: &nbsp;Intitul\u00e9 du Poste : Chauffeur [&hellip;]\" \/>\n<meta property=\"og:url\" content=\"https:\/\/www.sogecaburkina.com\/?page_id=87\" \/>\n<meta property=\"og:site_name\" content=\"SOGECA\" \/>\n<meta property=\"article:modified_time\" content=\"2025-10-31T23:57:32+00:00\" \/>\n<meta name=\"twitter:card\" content=\"summary_large_image\" \/>\n<meta name=\"twitter:label1\" content=\"Est. reading time\" \/>\n\t<meta name=\"twitter:data1\" content=\"7 minutes\" \/>\n<script type=\"application\/ld+json\" class=\"yoast-schema-graph\">{\"@context\":\"https:\/\/schema.org\",\"@graph\":[{\"@type\":\"WebPage\",\"@id\":\"https:\/\/www.sogecaburkina.com\/?page_id=87\",\"url\":\"https:\/\/www.sogecaburkina.com\/?page_id=87\",\"name\":\"Emplois - SOGECA\",\"isPartOf\":{\"@id\":\"https:\/\/www.sogecaburkina.com\/#website\"},\"datePublished\":\"2020-05-21T11:07:02+00:00\",\"dateModified\":\"2025-10-31T23:57:32+00:00\",\"breadcrumb\":{\"@id\":\"https:\/\/www.sogecaburkina.com\/?page_id=87#breadcrumb\"},\"inLanguage\":\"en-US\",\"potentialAction\":[{\"@type\":\"ReadAction\",\"target\":[\"https:\/\/www.sogecaburkina.com\/?page_id=87\"]}]},{\"@type\":\"BreadcrumbList\",\"@id\":\"https:\/\/www.sogecaburkina.com\/?page_id=87#breadcrumb\",\"itemListElement\":[{\"@type\":\"ListItem\",\"position\":1,\"name\":\"Home\",\"item\":\"https:\/\/www.sogecaburkina.com\/\"},{\"@type\":\"ListItem\",\"position\":2,\"name\":\"Emplois\"}]},{\"@type\":\"WebSite\",\"@id\":\"https:\/\/www.sogecaburkina.com\/#website\",\"url\":\"https:\/\/www.sogecaburkina.com\/\",\"name\":\"SOGECA\",\"description\":\"Expertise comptable et d&#039;audits Burkina Faso\",\"publisher\":{\"@id\":\"https:\/\/www.sogecaburkina.com\/#organization\"},\"potentialAction\":[{\"@type\":\"SearchAction\",\"target\":{\"@type\":\"EntryPoint\",\"urlTemplate\":\"https:\/\/www.sogecaburkina.com\/?s={search_term_string}\"},\"query-input\":{\"@type\":\"PropertyValueSpecification\",\"valueRequired\":true,\"valueName\":\"search_term_string\"}}],\"inLanguage\":\"en-US\"},{\"@type\":\"Organization\",\"@id\":\"https:\/\/www.sogecaburkina.com\/#organization\",\"name\":\"SOGECA, Expertise comptable et d'audits\",\"url\":\"https:\/\/www.sogecaburkina.com\/\",\"logo\":{\"@type\":\"ImageObject\",\"inLanguage\":\"en-US\",\"@id\":\"https:\/\/www.sogecaburkina.com\/#\/schema\/logo\/image\/\",\"url\":\"https:\/\/www.sogecaburkina.com\/wp-content\/uploads\/2025\/12\/cropped-cropped-logo_entete-3-Copie-OK.png\",\"contentUrl\":\"https:\/\/www.sogecaburkina.com\/wp-content\/uploads\/2025\/12\/cropped-cropped-logo_entete-3-Copie-OK.png\",\"width\":80,\"height\":74,\"caption\":\"SOGECA, Expertise comptable et d'audits\"},\"image\":{\"@id\":\"https:\/\/www.sogecaburkina.com\/#\/schema\/logo\/image\/\"}}]}<\/script>\n<!-- \/ Yoast SEO plugin. -->","yoast_head_json":{"title":"Emplois - SOGECA","robots":{"index":"index","follow":"follow","max-snippet":"max-snippet:-1","max-image-preview":"max-image-preview:large","max-video-preview":"max-video-preview:-1"},"canonical":"https:\/\/www.sogecaburkina.com\/?page_id=87","og_locale":"en_US","og_type":"article","og_title":"Emplois - SOGECA","og_description":"Emplois AVIS DERECRUTEMENT La Soci\u00e9t\u00e9G\u00e9n\u00e9rale d\u2019Expertise Comptable et d\u2019Audit (SOGECA INTERNATIONAL SARL) recrute pour le compte d\u2019une structure de la place, les profils ci-dessous\u00a0: La Soci\u00e9t\u00e9 G\u00e9n\u00e9rale d\u2019Expertise Comptable et d\u2019Audit (SOGECA INTERNATIONAL SARL) recrute pour le compte d\u2019une importante soci\u00e9t\u00e9 bas\u00e9e \u00e0 Banfora les profils ci-dessous&nbsp;: POSTE N\u00b0 1&nbsp;: &nbsp;Intitul\u00e9 du Poste : Chauffeur [&hellip;]","og_url":"https:\/\/www.sogecaburkina.com\/?page_id=87","og_site_name":"SOGECA","article_modified_time":"2025-10-31T23:57:32+00:00","twitter_card":"summary_large_image","twitter_misc":{"Est. reading time":"7 minutes"},"schema":{"@context":"https:\/\/schema.org","@graph":[{"@type":"WebPage","@id":"https:\/\/www.sogecaburkina.com\/?page_id=87","url":"https:\/\/www.sogecaburkina.com\/?page_id=87","name":"Emplois - SOGECA","isPartOf":{"@id":"https:\/\/www.sogecaburkina.com\/#website"},"datePublished":"2020-05-21T11:07:02+00:00","dateModified":"2025-10-31T23:57:32+00:00","breadcrumb":{"@id":"https:\/\/www.sogecaburkina.com\/?page_id=87#breadcrumb"},"inLanguage":"en-US","potentialAction":[{"@type":"ReadAction","target":["https:\/\/www.sogecaburkina.com\/?page_id=87"]}]},{"@type":"BreadcrumbList","@id":"https:\/\/www.sogecaburkina.com\/?page_id=87#breadcrumb","itemListElement":[{"@type":"ListItem","position":1,"name":"Home","item":"https:\/\/www.sogecaburkina.com\/"},{"@type":"ListItem","position":2,"name":"Emplois"}]},{"@type":"WebSite","@id":"https:\/\/www.sogecaburkina.com\/#website","url":"https:\/\/www.sogecaburkina.com\/","name":"SOGECA","description":"Expertise comptable et d&#039;audits Burkina Faso","publisher":{"@id":"https:\/\/www.sogecaburkina.com\/#organization"},"potentialAction":[{"@type":"SearchAction","target":{"@type":"EntryPoint","urlTemplate":"https:\/\/www.sogecaburkina.com\/?s={search_term_string}"},"query-input":{"@type":"PropertyValueSpecification","valueRequired":true,"valueName":"search_term_string"}}],"inLanguage":"en-US"},{"@type":"Organization","@id":"https:\/\/www.sogecaburkina.com\/#organization","name":"SOGECA, Expertise comptable et d'audits","url":"https:\/\/www.sogecaburkina.com\/","logo":{"@type":"ImageObject","inLanguage":"en-US","@id":"https:\/\/www.sogecaburkina.com\/#\/schema\/logo\/image\/","url":"https:\/\/www.sogecaburkina.com\/wp-content\/uploads\/2025\/12\/cropped-cropped-logo_entete-3-Copie-OK.png","contentUrl":"https:\/\/www.sogecaburkina.com\/wp-content\/uploads\/2025\/12\/cropped-cropped-logo_entete-3-Copie-OK.png","width":80,"height":74,"caption":"SOGECA, Expertise comptable et d'audits"},"image":{"@id":"https:\/\/www.sogecaburkina.com\/#\/schema\/logo\/image\/"}}]}},"_links":{"self":[{"href":"https:\/\/www.sogecaburkina.com\/index.php?rest_route=\/wp\/v2\/pages\/87","targetHints":{"allow":["GET"]}}],"collection":[{"href":"https:\/\/www.sogecaburkina.com\/index.php?rest_route=\/wp\/v2\/pages"}],"about":[{"href":"https:\/\/www.sogecaburkina.com\/index.php?rest_route=\/wp\/v2\/types\/page"}],"author":[{"embeddable":true,"href":"https:\/\/www.sogecaburkina.com\/index.php?rest_route=\/wp\/v2\/users\/1"}],"replies":[{"embeddable":true,"href":"https:\/\/www.sogecaburkina.com\/index.php?rest_route=%2Fwp%2Fv2%2Fcomments&post=87"}],"version-history":[{"count":18,"href":"https:\/\/www.sogecaburkina.com\/index.php?rest_route=\/wp\/v2\/pages\/87\/revisions"}],"predecessor-version":[{"id":1044,"href":"https:\/\/www.sogecaburkina.com\/index.php?rest_route=\/wp\/v2\/pages\/87\/revisions\/1044"}],"wp:attachment":[{"href":"https:\/\/www.sogecaburkina.com\/index.php?rest_route=%2Fwp%2Fv2%2Fmedia&parent=87"}],"curies":[{"name":"wp","href":"https:\/\/api.w.org\/{rel}","templated":true}]}}