{"id":44,"date":"2020-05-21T10:43:49","date_gmt":"2020-05-21T10:43:49","guid":{"rendered":"http:\/\/www.sogecaburkina.com\/?page_id=44"},"modified":"2020-06-02T16:39:39","modified_gmt":"2020-06-02T16:39:39","slug":"nos-bureaux","status":"publish","type":"page","link":"https:\/\/www.sogecaburkina.com\/?page_id=44","title":{"rendered":"Nos bureaux"},"content":{"rendered":"\n<p style=\"color:#00aae8\" class=\"has-text-color page_title\">Nos bureaux<\/p>\n\n\n<p>&nbsp;<\/p>\n\n\n\n<figure class=\"wp-block-image\"><img loading=\"lazy\" decoding=\"async\" width=\"700\" height=\"350\" src=\"http:\/\/www.sogecaburkina.com\/wp-content\/uploads\/2020\/06\/IMAG0059-700x350.jpg\" alt=\"\" class=\"wp-image-605\" srcset=\"https:\/\/www.sogecaburkina.com\/wp-content\/uploads\/2020\/06\/IMAG0059-700x350.jpg 700w, https:\/\/www.sogecaburkina.com\/wp-content\/uploads\/2020\/06\/IMAG0059-700x350-300x150.jpg 300w\" sizes=\"auto, (max-width: 700px) 100vw, 700px\" \/><\/figure>\n\n\n<p>&nbsp;<\/p>\n\n\n\n<p>Nos bureaux sont situ\u00e9s au secteur 7 Gounghin, face \u00e0 la RN N\u00b01, 2\u00e8me \u00e9tage de l&#8217;immeuble SANKARA  Boukar\u00e9 \u00e0 c\u00f4t\u00e9 de la pharmacie KAMIN, c\u00f4t\u00e9 Nord-Est du march\u00e9 de  Gounghin.<\/p>\n","protected":false},"excerpt":{"rendered":"<p>Nos bureaux Nos bureaux sont situ\u00e9s au secteur 7 Gounghin, face \u00e0 la RN N\u00b01, 2\u00e8me \u00e9tage de l&#8217;immeuble SANKARA Boukar\u00e9 \u00e0 c\u00f4t\u00e9 de la pharmacie KAMIN, c\u00f4t\u00e9 Nord-Est du march\u00e9 de Gounghin.<\/p>\n","protected":false},"author":1,"featured_media":0,"parent":0,"menu_order":0,"comment_status":"closed","ping_status":"closed","template":"","meta":{"footnotes":""},"class_list":["post-44","page","type-page","status-publish","hentry"],"yoast_head":"<!-- This site is optimized with the Yoast SEO plugin v26.5 - https:\/\/yoast.com\/wordpress\/plugins\/seo\/ -->\n<title>Nos bureaux - SOGECA<\/title>\n<meta name=\"robots\" content=\"index, follow, max-snippet:-1, max-image-preview:large, max-video-preview:-1\" \/>\n<link rel=\"canonical\" href=\"https:\/\/www.sogecaburkina.com\/?page_id=44\" \/>\n<meta property=\"og:locale\" content=\"en_US\" \/>\n<meta property=\"og:type\" content=\"article\" \/>\n<meta property=\"og:title\" content=\"Nos bureaux - SOGECA\" \/>\n<meta property=\"og:description\" content=\"Nos bureaux Nos bureaux sont situ\u00e9s au secteur 7 Gounghin, face \u00e0 la RN N\u00b01, 2\u00e8me \u00e9tage de l&#8217;immeuble SANKARA Boukar\u00e9 \u00e0 c\u00f4t\u00e9 de la pharmacie KAMIN, c\u00f4t\u00e9 Nord-Est du march\u00e9 de Gounghin.\" \/>\n<meta property=\"og:url\" content=\"https:\/\/www.sogecaburkina.com\/?page_id=44\" \/>\n<meta property=\"og:site_name\" content=\"SOGECA\" \/>\n<meta property=\"article:modified_time\" content=\"2020-06-02T16:39:39+00:00\" \/>\n<meta property=\"og:image\" content=\"https:\/\/www.sogecaburkina.com\/wp-content\/uploads\/2020\/06\/IMAG0059-700x350.jpg\" \/>\n\t<meta property=\"og:image:width\" content=\"700\" \/>\n\t<meta property=\"og:image:height\" content=\"350\" \/>\n\t<meta property=\"og:image:type\" content=\"image\/jpeg\" \/>\n<meta name=\"twitter:card\" content=\"summary_large_image\" \/>\n<script type=\"application\/ld+json\" class=\"yoast-schema-graph\">{\"@context\":\"https:\/\/schema.org\",\"@graph\":[{\"@type\":\"WebPage\",\"@id\":\"https:\/\/www.sogecaburkina.com\/?page_id=44\",\"url\":\"https:\/\/www.sogecaburkina.com\/?page_id=44\",\"name\":\"Nos bureaux - SOGECA\",\"isPartOf\":{\"@id\":\"https:\/\/www.sogecaburkina.com\/#website\"},\"primaryImageOfPage\":{\"@id\":\"https:\/\/www.sogecaburkina.com\/?page_id=44#primaryimage\"},\"image\":{\"@id\":\"https:\/\/www.sogecaburkina.com\/?page_id=44#primaryimage\"},\"thumbnailUrl\":\"http:\/\/www.sogecaburkina.com\/wp-content\/uploads\/2020\/06\/IMAG0059-700x350.jpg\",\"datePublished\":\"2020-05-21T10:43:49+00:00\",\"dateModified\":\"2020-06-02T16:39:39+00:00\",\"breadcrumb\":{\"@id\":\"https:\/\/www.sogecaburkina.com\/?page_id=44#breadcrumb\"},\"inLanguage\":\"en-US\",\"potentialAction\":[{\"@type\":\"ReadAction\",\"target\":[\"https:\/\/www.sogecaburkina.com\/?page_id=44\"]}]},{\"@type\":\"ImageObject\",\"inLanguage\":\"en-US\",\"@id\":\"https:\/\/www.sogecaburkina.com\/?page_id=44#primaryimage\",\"url\":\"https:\/\/www.sogecaburkina.com\/wp-content\/uploads\/2020\/06\/IMAG0059-700x350.jpg\",\"contentUrl\":\"https:\/\/www.sogecaburkina.com\/wp-content\/uploads\/2020\/06\/IMAG0059-700x350.jpg\",\"width\":700,\"height\":350},{\"@type\":\"BreadcrumbList\",\"@id\":\"https:\/\/www.sogecaburkina.com\/?page_id=44#breadcrumb\",\"itemListElement\":[{\"@type\":\"ListItem\",\"position\":1,\"name\":\"Home\",\"item\":\"https:\/\/www.sogecaburkina.com\/\"},{\"@type\":\"ListItem\",\"position\":2,\"name\":\"Nos bureaux\"}]},{\"@type\":\"WebSite\",\"@id\":\"https:\/\/www.sogecaburkina.com\/#website\",\"url\":\"https:\/\/www.sogecaburkina.com\/\",\"name\":\"SOGECA\",\"description\":\"Expertise comptable et d&#039;audits Burkina Faso\",\"publisher\":{\"@id\":\"https:\/\/www.sogecaburkina.com\/#organization\"},\"potentialAction\":[{\"@type\":\"SearchAction\",\"target\":{\"@type\":\"EntryPoint\",\"urlTemplate\":\"https:\/\/www.sogecaburkina.com\/?s={search_term_string}\"},\"query-input\":{\"@type\":\"PropertyValueSpecification\",\"valueRequired\":true,\"valueName\":\"search_term_string\"}}],\"inLanguage\":\"en-US\"},{\"@type\":\"Organization\",\"@id\":\"https:\/\/www.sogecaburkina.com\/#organization\",\"name\":\"SOGECA, Expertise comptable et d'audits\",\"url\":\"https:\/\/www.sogecaburkina.com\/\",\"logo\":{\"@type\":\"ImageObject\",\"inLanguage\":\"en-US\",\"@id\":\"https:\/\/www.sogecaburkina.com\/#\/schema\/logo\/image\/\",\"url\":\"https:\/\/www.sogecaburkina.com\/wp-content\/uploads\/2025\/12\/cropped-cropped-logo_entete-3-Copie-OK.png\",\"contentUrl\":\"https:\/\/www.sogecaburkina.com\/wp-content\/uploads\/2025\/12\/cropped-cropped-logo_entete-3-Copie-OK.png\",\"width\":80,\"height\":74,\"caption\":\"SOGECA, Expertise comptable et d'audits\"},\"image\":{\"@id\":\"https:\/\/www.sogecaburkina.com\/#\/schema\/logo\/image\/\"}}]}<\/script>\n<!-- \/ Yoast SEO plugin. -->","yoast_head_json":{"title":"Nos bureaux - SOGECA","robots":{"index":"index","follow":"follow","max-snippet":"max-snippet:-1","max-image-preview":"max-image-preview:large","max-video-preview":"max-video-preview:-1"},"canonical":"https:\/\/www.sogecaburkina.com\/?page_id=44","og_locale":"en_US","og_type":"article","og_title":"Nos bureaux - SOGECA","og_description":"Nos bureaux Nos bureaux sont situ\u00e9s au secteur 7 Gounghin, face \u00e0 la RN N\u00b01, 2\u00e8me \u00e9tage de l&#8217;immeuble SANKARA Boukar\u00e9 \u00e0 c\u00f4t\u00e9 de la pharmacie KAMIN, c\u00f4t\u00e9 Nord-Est du march\u00e9 de Gounghin.","og_url":"https:\/\/www.sogecaburkina.com\/?page_id=44","og_site_name":"SOGECA","article_modified_time":"2020-06-02T16:39:39+00:00","og_image":[{"width":700,"height":350,"url":"https:\/\/www.sogecaburkina.com\/wp-content\/uploads\/2020\/06\/IMAG0059-700x350.jpg","type":"image\/jpeg"}],"twitter_card":"summary_large_image","schema":{"@context":"https:\/\/schema.org","@graph":[{"@type":"WebPage","@id":"https:\/\/www.sogecaburkina.com\/?page_id=44","url":"https:\/\/www.sogecaburkina.com\/?page_id=44","name":"Nos bureaux - SOGECA","isPartOf":{"@id":"https:\/\/www.sogecaburkina.com\/#website"},"primaryImageOfPage":{"@id":"https:\/\/www.sogecaburkina.com\/?page_id=44#primaryimage"},"image":{"@id":"https:\/\/www.sogecaburkina.com\/?page_id=44#primaryimage"},"thumbnailUrl":"http:\/\/www.sogecaburkina.com\/wp-content\/uploads\/2020\/06\/IMAG0059-700x350.jpg","datePublished":"2020-05-21T10:43:49+00:00","dateModified":"2020-06-02T16:39:39+00:00","breadcrumb":{"@id":"https:\/\/www.sogecaburkina.com\/?page_id=44#breadcrumb"},"inLanguage":"en-US","potentialAction":[{"@type":"ReadAction","target":["https:\/\/www.sogecaburkina.com\/?page_id=44"]}]},{"@type":"ImageObject","inLanguage":"en-US","@id":"https:\/\/www.sogecaburkina.com\/?page_id=44#primaryimage","url":"https:\/\/www.sogecaburkina.com\/wp-content\/uploads\/2020\/06\/IMAG0059-700x350.jpg","contentUrl":"https:\/\/www.sogecaburkina.com\/wp-content\/uploads\/2020\/06\/IMAG0059-700x350.jpg","width":700,"height":350},{"@type":"BreadcrumbList","@id":"https:\/\/www.sogecaburkina.com\/?page_id=44#breadcrumb","itemListElement":[{"@type":"ListItem","position":1,"name":"Home","item":"https:\/\/www.sogecaburkina.com\/"},{"@type":"ListItem","position":2,"name":"Nos bureaux"}]},{"@type":"WebSite","@id":"https:\/\/www.sogecaburkina.com\/#website","url":"https:\/\/www.sogecaburkina.com\/","name":"SOGECA","description":"Expertise comptable et d&#039;audits Burkina Faso","publisher":{"@id":"https:\/\/www.sogecaburkina.com\/#organization"},"potentialAction":[{"@type":"SearchAction","target":{"@type":"EntryPoint","urlTemplate":"https:\/\/www.sogecaburkina.com\/?s={search_term_string}"},"query-input":{"@type":"PropertyValueSpecification","valueRequired":true,"valueName":"search_term_string"}}],"inLanguage":"en-US"},{"@type":"Organization","@id":"https:\/\/www.sogecaburkina.com\/#organization","name":"SOGECA, Expertise comptable et d'audits","url":"https:\/\/www.sogecaburkina.com\/","logo":{"@type":"ImageObject","inLanguage":"en-US","@id":"https:\/\/www.sogecaburkina.com\/#\/schema\/logo\/image\/","url":"https:\/\/www.sogecaburkina.com\/wp-content\/uploads\/2025\/12\/cropped-cropped-logo_entete-3-Copie-OK.png","contentUrl":"https:\/\/www.sogecaburkina.com\/wp-content\/uploads\/2025\/12\/cropped-cropped-logo_entete-3-Copie-OK.png","width":80,"height":74,"caption":"SOGECA, Expertise comptable et d'audits"},"image":{"@id":"https:\/\/www.sogecaburkina.com\/#\/schema\/logo\/image\/"}}]}},"_links":{"self":[{"href":"https:\/\/www.sogecaburkina.com\/index.php?rest_route=\/wp\/v2\/pages\/44","targetHints":{"allow":["GET"]}}],"collection":[{"href":"https:\/\/www.sogecaburkina.com\/index.php?rest_route=\/wp\/v2\/pages"}],"about":[{"href":"https:\/\/www.sogecaburkina.com\/index.php?rest_route=\/wp\/v2\/types\/page"}],"author":[{"embeddable":true,"href":"https:\/\/www.sogecaburkina.com\/index.php?rest_route=\/wp\/v2\/users\/1"}],"replies":[{"embeddable":true,"href":"https:\/\/www.sogecaburkina.com\/index.php?rest_route=%2Fwp%2Fv2%2Fcomments&post=44"}],"version-history":[{"count":6,"href":"https:\/\/www.sogecaburkina.com\/index.php?rest_route=\/wp\/v2\/pages\/44\/revisions"}],"predecessor-version":[{"id":823,"href":"https:\/\/www.sogecaburkina.com\/index.php?rest_route=\/wp\/v2\/pages\/44\/revisions\/823"}],"wp:attachment":[{"href":"https:\/\/www.sogecaburkina.com\/index.php?rest_route=%2Fwp%2Fv2%2Fmedia&parent=44"}],"curies":[{"name":"wp","href":"https:\/\/api.w.org\/{rel}","templated":true}]}}