{"id":42,"date":"2020-05-21T10:43:20","date_gmt":"2020-05-21T10:43:20","guid":{"rendered":"http:\/\/www.sogecaburkina.com\/?page_id=42"},"modified":"2020-06-02T07:28:19","modified_gmt":"2020-06-02T07:28:19","slug":"nos-clients","status":"publish","type":"page","link":"https:\/\/www.sogecaburkina.com\/?page_id=42","title":{"rendered":"Nos Clients"},"content":{"rendered":"\n<p style=\"color:#00aae8\" class=\"has-text-color page_title\">Nos Clients<\/p>\n\n\n\n<div style=\"width: 70; height: 950px; overflow: scroll;\">\n\n\n\n<div class=\"wp-block-media-text alignwide\" style=\"grid-template-columns:34% auto\"><figure class=\"wp-block-media-text__media\"><img loading=\"lazy\" decoding=\"async\" width=\"400\" height=\"400\" src=\"http:\/\/www.sogecaburkina.com\/wp-content\/uploads\/2020\/06\/agence_faso_bara.jpg\" alt=\"\" class=\"wp-image-608\" srcset=\"https:\/\/www.sogecaburkina.com\/wp-content\/uploads\/2020\/06\/agence_faso_bara.jpg 400w, https:\/\/www.sogecaburkina.com\/wp-content\/uploads\/2020\/06\/agence_faso_bara-150x150.jpg 150w, https:\/\/www.sogecaburkina.com\/wp-content\/uploads\/2020\/06\/agence_faso_bara-300x300.jpg 300w, https:\/\/www.sogecaburkina.com\/wp-content\/uploads\/2020\/06\/agence_faso_bara-160x160.jpg 160w, https:\/\/www.sogecaburkina.com\/wp-content\/uploads\/2020\/06\/agence_faso_bara-320x320.jpg 320w\" sizes=\"auto, (max-width: 400px) 100vw, 400px\" \/><\/figure><div class=\"wp-block-media-text__content\">\n<p class=\"has-medium-font-size\">Agence Faso Baara<\/p>\n\n\n\n<p><a href=\"http:\/\/www.lesite.com\" target=\"_blank\" rel=\"noopener noreferrer\"><span style=\"color: #000Aff; font-size: 14px;\">www.lesite.com<\/span><\/a><\/p>\n<\/div><\/div>\n\n\n\n<div class=\"wp-block-media-text alignwide\" style=\"grid-template-columns:31% auto\"><figure class=\"wp-block-media-text__media\"><img loading=\"lazy\" decoding=\"async\" width=\"400\" height=\"488\" src=\"http:\/\/www.sogecaburkina.com\/wp-content\/uploads\/2020\/06\/ageteer.jpg\" alt=\"\" class=\"wp-image-611\" srcset=\"https:\/\/www.sogecaburkina.com\/wp-content\/uploads\/2020\/06\/ageteer.jpg 400w, https:\/\/www.sogecaburkina.com\/wp-content\/uploads\/2020\/06\/ageteer-246x300.jpg 246w\" sizes=\"auto, (max-width: 400px) 100vw, 400px\" \/><\/figure><div class=\"wp-block-media-text__content\">\n<p class=\"has-medium-font-size\">AGETEER<\/p>\n\n\n\n<p><a href=\"http:\/\/www.lesite.com\" target=\"_blank\" rel=\"noopener noreferrer\"><span style=\"color: #000Aff; font-size: 14px;\">www.lesite.com<\/span><\/a><\/p>\n<\/div><\/div>\n\n\n\n<div class=\"wp-block-media-text alignwide\" style=\"grid-template-columns:33% auto\"><figure class=\"wp-block-media-text__media\"><img loading=\"lazy\" decoding=\"async\" width=\"400\" height=\"400\" src=\"http:\/\/www.sogecaburkina.com\/wp-content\/uploads\/2020\/06\/BOLLORE.jpg\" alt=\"\" class=\"wp-image-615\" srcset=\"https:\/\/www.sogecaburkina.com\/wp-content\/uploads\/2020\/06\/BOLLORE.jpg 400w, https:\/\/www.sogecaburkina.com\/wp-content\/uploads\/2020\/06\/BOLLORE-150x150.jpg 150w, https:\/\/www.sogecaburkina.com\/wp-content\/uploads\/2020\/06\/BOLLORE-300x300.jpg 300w, https:\/\/www.sogecaburkina.com\/wp-content\/uploads\/2020\/06\/BOLLORE-160x160.jpg 160w, https:\/\/www.sogecaburkina.com\/wp-content\/uploads\/2020\/06\/BOLLORE-320x320.jpg 320w\" sizes=\"auto, (max-width: 400px) 100vw, 400px\" \/><\/figure><div class=\"wp-block-media-text__content\">\n<p class=\"has-medium-font-size\">Groupe BOLLORE<\/p>\n\n\n\n<p><a href=\"http:\/\/www.lesite.com\" target=\"_blank\" rel=\"noopener noreferrer\"><span style=\"color: #000Aff; font-size: 14px;\">www.lesite.com<\/span><\/a><\/p>\n<\/div><\/div>\n\n\n\n<div class=\"wp-block-media-text alignwide\" style=\"grid-template-columns:36% auto\"><figure class=\"wp-block-media-text__media\"><img loading=\"lazy\" decoding=\"async\" width=\"400\" height=\"400\" src=\"http:\/\/www.sogecaburkina.com\/wp-content\/uploads\/2020\/06\/CCVA.jpg\" alt=\"\" class=\"wp-image-621\" srcset=\"https:\/\/www.sogecaburkina.com\/wp-content\/uploads\/2020\/06\/CCVA.jpg 400w, https:\/\/www.sogecaburkina.com\/wp-content\/uploads\/2020\/06\/CCVA-150x150.jpg 150w, https:\/\/www.sogecaburkina.com\/wp-content\/uploads\/2020\/06\/CCVA-300x300.jpg 300w, https:\/\/www.sogecaburkina.com\/wp-content\/uploads\/2020\/06\/CCVA-160x160.jpg 160w, https:\/\/www.sogecaburkina.com\/wp-content\/uploads\/2020\/06\/CCVA-320x320.jpg 320w\" sizes=\"auto, (max-width: 400px) 100vw, 400px\" \/><\/figure><div class=\"wp-block-media-text__content\">\n<p class=\"has-medium-font-size\">Le CCVA<\/p>\n\n\n\n<p><a href=\"http:\/\/www.lesite.com\" target=\"_blank\" rel=\"noopener noreferrer\"><span style=\"color: #000Aff; font-size: 14px;\">www.lesite.com<\/span><\/a><\/p>\n<\/div><\/div>\n\n\n\n<div class=\"wp-block-media-text alignwide\" style=\"grid-template-columns:34% auto\"><figure class=\"wp-block-media-text__media\"><img loading=\"lazy\" decoding=\"async\" width=\"400\" height=\"400\" src=\"http:\/\/www.sogecaburkina.com\/wp-content\/uploads\/2020\/06\/cfao.jpg\" alt=\"\" class=\"wp-image-625\" srcset=\"https:\/\/www.sogecaburkina.com\/wp-content\/uploads\/2020\/06\/cfao.jpg 400w, https:\/\/www.sogecaburkina.com\/wp-content\/uploads\/2020\/06\/cfao-150x150.jpg 150w, https:\/\/www.sogecaburkina.com\/wp-content\/uploads\/2020\/06\/cfao-300x300.jpg 300w, https:\/\/www.sogecaburkina.com\/wp-content\/uploads\/2020\/06\/cfao-160x160.jpg 160w, https:\/\/www.sogecaburkina.com\/wp-content\/uploads\/2020\/06\/cfao-320x320.jpg 320w\" sizes=\"auto, (max-width: 400px) 100vw, 400px\" \/><\/figure><div class=\"wp-block-media-text__content\">\n<p class=\"has-medium-font-size\">CFAO Technologies<\/p>\n\n\n\n<p><a href=\"http:\/\/www.lesite.com\" target=\"_blank\" rel=\"noopener noreferrer\"><span style=\"color: #000Aff; font-size: 14px;\">www.lesite.com<\/span><\/a><\/p>\n<\/div><\/div>\n\n\n\n<div class=\"wp-block-media-text alignwide\" style=\"grid-template-columns:37% auto\"><figure class=\"wp-block-media-text__media\"><img loading=\"lazy\" decoding=\"async\" width=\"400\" height=\"400\" src=\"http:\/\/www.sogecaburkina.com\/wp-content\/uploads\/2020\/06\/ONEA.jpg\" alt=\"\" class=\"wp-image-628\" srcset=\"https:\/\/www.sogecaburkina.com\/wp-content\/uploads\/2020\/06\/ONEA.jpg 400w, https:\/\/www.sogecaburkina.com\/wp-content\/uploads\/2020\/06\/ONEA-150x150.jpg 150w, https:\/\/www.sogecaburkina.com\/wp-content\/uploads\/2020\/06\/ONEA-300x300.jpg 300w, https:\/\/www.sogecaburkina.com\/wp-content\/uploads\/2020\/06\/ONEA-160x160.jpg 160w, https:\/\/www.sogecaburkina.com\/wp-content\/uploads\/2020\/06\/ONEA-320x320.jpg 320w\" sizes=\"auto, (max-width: 400px) 100vw, 400px\" \/><\/figure><div class=\"wp-block-media-text__content\">\n<p class=\"has-medium-font-size\">L&#8217;Office Nationale de l&#8217;Eau et Assainissement<\/p>\n\n\n\n<p><a href=\"http:\/\/www.lesite.com\" target=\"_blank\" rel=\"noopener noreferrer\"><span style=\"color: #000Aff; font-size: 14px;\">www.lesite.com<\/span><\/a><\/p>\n<\/div><\/div>\n\n\n\n<div class=\"wp-block-media-text alignwide\" style=\"grid-template-columns:35% auto\"><figure class=\"wp-block-media-text__media\"><img loading=\"lazy\" decoding=\"async\" width=\"400\" height=\"400\" src=\"http:\/\/www.sogecaburkina.com\/wp-content\/uploads\/2020\/06\/ORANGE.jpg\" alt=\"\" class=\"wp-image-630\" srcset=\"https:\/\/www.sogecaburkina.com\/wp-content\/uploads\/2020\/06\/ORANGE.jpg 400w, https:\/\/www.sogecaburkina.com\/wp-content\/uploads\/2020\/06\/ORANGE-150x150.jpg 150w, https:\/\/www.sogecaburkina.com\/wp-content\/uploads\/2020\/06\/ORANGE-300x300.jpg 300w, https:\/\/www.sogecaburkina.com\/wp-content\/uploads\/2020\/06\/ORANGE-160x160.jpg 160w, https:\/\/www.sogecaburkina.com\/wp-content\/uploads\/2020\/06\/ORANGE-320x320.jpg 320w\" sizes=\"auto, (max-width: 400px) 100vw, 400px\" \/><\/figure><div class=\"wp-block-media-text__content\">\n<p class=\"has-medium-font-size\">Orange Burkina<\/p>\n\n\n\n<p><a href=\"http:\/\/www.lesite.com\" target=\"_blank\" rel=\"noopener noreferrer\"><span style=\"color: #000Aff; font-size: 14px;\">www.lesite.com<\/span><\/a><\/p>\n<\/div><\/div>\n\n\n\n<div class=\"wp-block-media-text alignwide\" style=\"grid-template-columns:32% auto\"><figure class=\"wp-block-media-text__media\"><img loading=\"lazy\" decoding=\"async\" width=\"400\" height=\"400\" src=\"http:\/\/www.sogecaburkina.com\/wp-content\/uploads\/2020\/06\/PACIFIC-HOTEL.jpg\" alt=\"\" class=\"wp-image-632\" srcset=\"https:\/\/www.sogecaburkina.com\/wp-content\/uploads\/2020\/06\/PACIFIC-HOTEL.jpg 400w, https:\/\/www.sogecaburkina.com\/wp-content\/uploads\/2020\/06\/PACIFIC-HOTEL-150x150.jpg 150w, https:\/\/www.sogecaburkina.com\/wp-content\/uploads\/2020\/06\/PACIFIC-HOTEL-300x300.jpg 300w, https:\/\/www.sogecaburkina.com\/wp-content\/uploads\/2020\/06\/PACIFIC-HOTEL-160x160.jpg 160w, https:\/\/www.sogecaburkina.com\/wp-content\/uploads\/2020\/06\/PACIFIC-HOTEL-320x320.jpg 320w\" sizes=\"auto, (max-width: 400px) 100vw, 400px\" \/><\/figure><div class=\"wp-block-media-text__content\">\n<p class=\"has-medium-font-size\">Pacific H\u00f4tel<\/p>\n\n\n\n<p><a href=\"http:\/\/www.lesite.com\" target=\"_blank\" rel=\"noopener noreferrer\"><span style=\"color: #000Aff; font-size: 14px;\">www.lesite.com<\/span><\/a><\/p>\n<\/div><\/div>\n\n\n\n<div class=\"wp-block-media-text alignwide\" style=\"grid-template-columns:37% auto\"><figure class=\"wp-block-media-text__media\"><img loading=\"lazy\" decoding=\"async\" width=\"400\" height=\"400\" src=\"http:\/\/www.sogecaburkina.com\/wp-content\/uploads\/2020\/06\/SONABEL.jpg\" alt=\"\" class=\"wp-image-634\" srcset=\"https:\/\/www.sogecaburkina.com\/wp-content\/uploads\/2020\/06\/SONABEL.jpg 400w, https:\/\/www.sogecaburkina.com\/wp-content\/uploads\/2020\/06\/SONABEL-150x150.jpg 150w, https:\/\/www.sogecaburkina.com\/wp-content\/uploads\/2020\/06\/SONABEL-300x300.jpg 300w, https:\/\/www.sogecaburkina.com\/wp-content\/uploads\/2020\/06\/SONABEL-160x160.jpg 160w, https:\/\/www.sogecaburkina.com\/wp-content\/uploads\/2020\/06\/SONABEL-320x320.jpg 320w\" sizes=\"auto, (max-width: 400px) 100vw, 400px\" \/><\/figure><div class=\"wp-block-media-text__content\">\n<p class=\"has-medium-font-size\">La Soci\u00e9t\u00e9 Nationale Burkinab\u00e8 d&#8217;Electricit\u00e9<\/p>\n\n\n\n<p><a href=\"http:\/\/www.lesite.com\" target=\"_blank\" rel=\"noopener noreferrer\"><span style=\"color: #000Aff; font-size: 14px;\">www.lesite.com<\/span><\/a><\/p>\n<\/div><\/div>\n\n\n\n<div class=\"wp-block-media-text alignwide\" style=\"grid-template-columns:39% auto\"><figure class=\"wp-block-media-text__media\"><img loading=\"lazy\" decoding=\"async\" width=\"400\" height=\"400\" src=\"http:\/\/www.sogecaburkina.com\/wp-content\/uploads\/2020\/06\/SONABHY.jpg\" alt=\"\" class=\"wp-image-636\" srcset=\"https:\/\/www.sogecaburkina.com\/wp-content\/uploads\/2020\/06\/SONABHY.jpg 400w, https:\/\/www.sogecaburkina.com\/wp-content\/uploads\/2020\/06\/SONABHY-150x150.jpg 150w, https:\/\/www.sogecaburkina.com\/wp-content\/uploads\/2020\/06\/SONABHY-300x300.jpg 300w, https:\/\/www.sogecaburkina.com\/wp-content\/uploads\/2020\/06\/SONABHY-160x160.jpg 160w, https:\/\/www.sogecaburkina.com\/wp-content\/uploads\/2020\/06\/SONABHY-320x320.jpg 320w\" sizes=\"auto, (max-width: 400px) 100vw, 400px\" \/><\/figure><div class=\"wp-block-media-text__content\">\n<p class=\"has-medium-font-size\">La Soci\u00e9t\u00e9 Nationale Burkinab\u00e8 d&#8217;Hydrocarbure<\/p>\n\n\n\n<p><a href=\"http:\/\/www.lesite.com\" target=\"_blank\" rel=\"noopener noreferrer\"><span style=\"color: #000Aff; font-size: 14px;\">www.lesite.com<\/span><\/a><\/p>\n<\/div><\/div>\n\n\n\n<div class=\"wp-block-media-text alignwide\" style=\"grid-template-columns:42% auto\"><figure class=\"wp-block-media-text__media\"><img loading=\"lazy\" decoding=\"async\" width=\"400\" height=\"400\" src=\"http:\/\/www.sogecaburkina.com\/wp-content\/uploads\/2020\/06\/total3-Copie-2.jpg\" alt=\"\" class=\"wp-image-638\" srcset=\"https:\/\/www.sogecaburkina.com\/wp-content\/uploads\/2020\/06\/total3-Copie-2.jpg 400w, https:\/\/www.sogecaburkina.com\/wp-content\/uploads\/2020\/06\/total3-Copie-2-150x150.jpg 150w, https:\/\/www.sogecaburkina.com\/wp-content\/uploads\/2020\/06\/total3-Copie-2-300x300.jpg 300w, https:\/\/www.sogecaburkina.com\/wp-content\/uploads\/2020\/06\/total3-Copie-2-160x160.jpg 160w, https:\/\/www.sogecaburkina.com\/wp-content\/uploads\/2020\/06\/total3-Copie-2-320x320.jpg 320w\" sizes=\"auto, (max-width: 400px) 100vw, 400px\" \/><\/figure><div class=\"wp-block-media-text__content\">\n<p class=\"has-medium-font-size\">Groupe HAGE<\/p>\n\n\n\n<p><a href=\"http:\/\/www.lesite.com\" target=\"_blank\" rel=\"noopener noreferrer\"><span style=\"color: #000Aff; font-size: 14px;\">www.lesite.com<\/span><\/a><\/p>\n<\/div><\/div>\n\n\n\n<div class=\"wp-block-media-text alignwide\" style=\"grid-template-columns:33% auto\"><figure class=\"wp-block-media-text__media\"><img loading=\"lazy\" decoding=\"async\" width=\"400\" height=\"400\" src=\"http:\/\/www.sogecaburkina.com\/wp-content\/uploads\/2020\/06\/total3-Copie.jpg\" alt=\"\" class=\"wp-image-640\" srcset=\"https:\/\/www.sogecaburkina.com\/wp-content\/uploads\/2020\/06\/total3-Copie.jpg 400w, https:\/\/www.sogecaburkina.com\/wp-content\/uploads\/2020\/06\/total3-Copie-150x150.jpg 150w, https:\/\/www.sogecaburkina.com\/wp-content\/uploads\/2020\/06\/total3-Copie-300x300.jpg 300w, https:\/\/www.sogecaburkina.com\/wp-content\/uploads\/2020\/06\/total3-Copie-160x160.jpg 160w, https:\/\/www.sogecaburkina.com\/wp-content\/uploads\/2020\/06\/total3-Copie-320x320.jpg 320w\" sizes=\"auto, (max-width: 400px) 100vw, 400px\" \/><\/figure><div class=\"wp-block-media-text__content\">\n<p class=\"has-medium-font-size\">NANTOU Mining<\/p>\n\n\n\n<p><a href=\"http:\/\/www.lesite.com\" target=\"_blank\" rel=\"noopener noreferrer\"><span style=\"color: #000Aff; font-size: 14px;\">www.lesite.com<\/span><\/a><\/p>\n<\/div><\/div>\n\n\n\n<div class=\"wp-block-media-text alignwide\" style=\"grid-template-columns:34% auto\"><figure class=\"wp-block-media-text__media\"><img loading=\"lazy\" decoding=\"async\" width=\"400\" height=\"400\" src=\"http:\/\/www.sogecaburkina.com\/wp-content\/uploads\/2020\/06\/total3.jpg\" alt=\"\" class=\"wp-image-642\" srcset=\"https:\/\/www.sogecaburkina.com\/wp-content\/uploads\/2020\/06\/total3.jpg 400w, https:\/\/www.sogecaburkina.com\/wp-content\/uploads\/2020\/06\/total3-150x150.jpg 150w, https:\/\/www.sogecaburkina.com\/wp-content\/uploads\/2020\/06\/total3-300x300.jpg 300w, https:\/\/www.sogecaburkina.com\/wp-content\/uploads\/2020\/06\/total3-160x160.jpg 160w, https:\/\/www.sogecaburkina.com\/wp-content\/uploads\/2020\/06\/total3-320x320.jpg 320w\" sizes=\"auto, (max-width: 400px) 100vw, 400px\" \/><\/figure><div class=\"wp-block-media-text__content\">\n<p class=\"has-medium-font-size\">TOTAL Burkina<\/p>\n\n\n\n<p><a href=\"http:\/\/www.lesite.com\" target=\"_blank\" rel=\"noopener noreferrer\"><span style=\"color: #000Aff; font-size: 14px;\">www.lesite.com<\/span><\/a><\/p>\n<\/div><\/div>\n","protected":false},"excerpt":{"rendered":"<p>Nos Clients Agence Faso Baara www.lesite.com AGETEER www.lesite.com Groupe BOLLORE www.lesite.com Le CCVA www.lesite.com CFAO Technologies www.lesite.com L&#8217;Office Nationale de l&#8217;Eau et Assainissement www.lesite.com Orange Burkina www.lesite.com Pacific H\u00f4tel www.lesite.com La Soci\u00e9t\u00e9 Nationale Burkinab\u00e8 d&#8217;Electricit\u00e9 www.lesite.com La Soci\u00e9t\u00e9 Nationale Burkinab\u00e8 d&#8217;Hydrocarbure www.lesite.com Groupe HAGE www.lesite.com NANTOU Mining www.lesite.com TOTAL Burkina www.lesite.com<\/p>\n","protected":false},"author":1,"featured_media":0,"parent":0,"menu_order":0,"comment_status":"closed","ping_status":"closed","template":"","meta":{"footnotes":""},"class_list":["post-42","page","type-page","status-publish","hentry"],"yoast_head":"<!-- This site is optimized with the Yoast SEO plugin v26.5 - https:\/\/yoast.com\/wordpress\/plugins\/seo\/ -->\n<title>Nos Clients - SOGECA<\/title>\n<meta name=\"robots\" content=\"index, follow, max-snippet:-1, max-image-preview:large, max-video-preview:-1\" \/>\n<link rel=\"canonical\" href=\"https:\/\/www.sogecaburkina.com\/?page_id=42\" \/>\n<meta property=\"og:locale\" content=\"en_US\" \/>\n<meta property=\"og:type\" content=\"article\" \/>\n<meta property=\"og:title\" content=\"Nos Clients - SOGECA\" \/>\n<meta property=\"og:description\" content=\"Nos Clients Agence Faso Baara www.lesite.com AGETEER www.lesite.com Groupe BOLLORE www.lesite.com Le CCVA www.lesite.com CFAO Technologies www.lesite.com L&#8217;Office Nationale de l&#8217;Eau et Assainissement www.lesite.com Orange Burkina www.lesite.com Pacific H\u00f4tel www.lesite.com La Soci\u00e9t\u00e9 Nationale Burkinab\u00e8 d&#8217;Electricit\u00e9 www.lesite.com La Soci\u00e9t\u00e9 Nationale Burkinab\u00e8 d&#8217;Hydrocarbure www.lesite.com Groupe HAGE www.lesite.com NANTOU Mining www.lesite.com TOTAL Burkina www.lesite.com\" \/>\n<meta property=\"og:url\" content=\"https:\/\/www.sogecaburkina.com\/?page_id=42\" \/>\n<meta property=\"og:site_name\" content=\"SOGECA\" \/>\n<meta property=\"article:modified_time\" content=\"2020-06-02T07:28:19+00:00\" \/>\n<meta property=\"og:image\" content=\"https:\/\/www.sogecaburkina.com\/wp-content\/uploads\/2020\/06\/agence_faso_bara.jpg\" \/>\n\t<meta property=\"og:image:width\" content=\"400\" \/>\n\t<meta property=\"og:image:height\" content=\"400\" \/>\n\t<meta property=\"og:image:type\" content=\"image\/jpeg\" \/>\n<meta name=\"twitter:card\" content=\"summary_large_image\" \/>\n<script type=\"application\/ld+json\" class=\"yoast-schema-graph\">{\"@context\":\"https:\/\/schema.org\",\"@graph\":[{\"@type\":\"WebPage\",\"@id\":\"https:\/\/www.sogecaburkina.com\/?page_id=42\",\"url\":\"https:\/\/www.sogecaburkina.com\/?page_id=42\",\"name\":\"Nos Clients - SOGECA\",\"isPartOf\":{\"@id\":\"https:\/\/www.sogecaburkina.com\/#website\"},\"primaryImageOfPage\":{\"@id\":\"https:\/\/www.sogecaburkina.com\/?page_id=42#primaryimage\"},\"image\":{\"@id\":\"https:\/\/www.sogecaburkina.com\/?page_id=42#primaryimage\"},\"thumbnailUrl\":\"http:\/\/www.sogecaburkina.com\/wp-content\/uploads\/2020\/06\/agence_faso_bara.jpg\",\"datePublished\":\"2020-05-21T10:43:20+00:00\",\"dateModified\":\"2020-06-02T07:28:19+00:00\",\"breadcrumb\":{\"@id\":\"https:\/\/www.sogecaburkina.com\/?page_id=42#breadcrumb\"},\"inLanguage\":\"en-US\",\"potentialAction\":[{\"@type\":\"ReadAction\",\"target\":[\"https:\/\/www.sogecaburkina.com\/?page_id=42\"]}]},{\"@type\":\"ImageObject\",\"inLanguage\":\"en-US\",\"@id\":\"https:\/\/www.sogecaburkina.com\/?page_id=42#primaryimage\",\"url\":\"https:\/\/www.sogecaburkina.com\/wp-content\/uploads\/2020\/06\/agence_faso_bara.jpg\",\"contentUrl\":\"https:\/\/www.sogecaburkina.com\/wp-content\/uploads\/2020\/06\/agence_faso_bara.jpg\",\"width\":400,\"height\":400},{\"@type\":\"BreadcrumbList\",\"@id\":\"https:\/\/www.sogecaburkina.com\/?page_id=42#breadcrumb\",\"itemListElement\":[{\"@type\":\"ListItem\",\"position\":1,\"name\":\"Home\",\"item\":\"https:\/\/www.sogecaburkina.com\/\"},{\"@type\":\"ListItem\",\"position\":2,\"name\":\"Nos Clients\"}]},{\"@type\":\"WebSite\",\"@id\":\"https:\/\/www.sogecaburkina.com\/#website\",\"url\":\"https:\/\/www.sogecaburkina.com\/\",\"name\":\"SOGECA\",\"description\":\"Expertise comptable et d&#039;audits Burkina Faso\",\"publisher\":{\"@id\":\"https:\/\/www.sogecaburkina.com\/#organization\"},\"potentialAction\":[{\"@type\":\"SearchAction\",\"target\":{\"@type\":\"EntryPoint\",\"urlTemplate\":\"https:\/\/www.sogecaburkina.com\/?s={search_term_string}\"},\"query-input\":{\"@type\":\"PropertyValueSpecification\",\"valueRequired\":true,\"valueName\":\"search_term_string\"}}],\"inLanguage\":\"en-US\"},{\"@type\":\"Organization\",\"@id\":\"https:\/\/www.sogecaburkina.com\/#organization\",\"name\":\"SOGECA, Expertise comptable et d'audits\",\"url\":\"https:\/\/www.sogecaburkina.com\/\",\"logo\":{\"@type\":\"ImageObject\",\"inLanguage\":\"en-US\",\"@id\":\"https:\/\/www.sogecaburkina.com\/#\/schema\/logo\/image\/\",\"url\":\"https:\/\/www.sogecaburkina.com\/wp-content\/uploads\/2025\/12\/cropped-cropped-logo_entete-3-Copie-OK.png\",\"contentUrl\":\"https:\/\/www.sogecaburkina.com\/wp-content\/uploads\/2025\/12\/cropped-cropped-logo_entete-3-Copie-OK.png\",\"width\":80,\"height\":74,\"caption\":\"SOGECA, Expertise comptable et d'audits\"},\"image\":{\"@id\":\"https:\/\/www.sogecaburkina.com\/#\/schema\/logo\/image\/\"}}]}<\/script>\n<!-- \/ Yoast SEO plugin. -->","yoast_head_json":{"title":"Nos Clients - SOGECA","robots":{"index":"index","follow":"follow","max-snippet":"max-snippet:-1","max-image-preview":"max-image-preview:large","max-video-preview":"max-video-preview:-1"},"canonical":"https:\/\/www.sogecaburkina.com\/?page_id=42","og_locale":"en_US","og_type":"article","og_title":"Nos Clients - SOGECA","og_description":"Nos Clients Agence Faso Baara www.lesite.com AGETEER www.lesite.com Groupe BOLLORE www.lesite.com Le CCVA www.lesite.com CFAO Technologies www.lesite.com L&#8217;Office Nationale de l&#8217;Eau et Assainissement www.lesite.com Orange Burkina www.lesite.com Pacific H\u00f4tel www.lesite.com La Soci\u00e9t\u00e9 Nationale Burkinab\u00e8 d&#8217;Electricit\u00e9 www.lesite.com La Soci\u00e9t\u00e9 Nationale Burkinab\u00e8 d&#8217;Hydrocarbure www.lesite.com Groupe HAGE www.lesite.com NANTOU Mining www.lesite.com TOTAL Burkina www.lesite.com","og_url":"https:\/\/www.sogecaburkina.com\/?page_id=42","og_site_name":"SOGECA","article_modified_time":"2020-06-02T07:28:19+00:00","og_image":[{"width":400,"height":400,"url":"https:\/\/www.sogecaburkina.com\/wp-content\/uploads\/2020\/06\/agence_faso_bara.jpg","type":"image\/jpeg"}],"twitter_card":"summary_large_image","schema":{"@context":"https:\/\/schema.org","@graph":[{"@type":"WebPage","@id":"https:\/\/www.sogecaburkina.com\/?page_id=42","url":"https:\/\/www.sogecaburkina.com\/?page_id=42","name":"Nos Clients - SOGECA","isPartOf":{"@id":"https:\/\/www.sogecaburkina.com\/#website"},"primaryImageOfPage":{"@id":"https:\/\/www.sogecaburkina.com\/?page_id=42#primaryimage"},"image":{"@id":"https:\/\/www.sogecaburkina.com\/?page_id=42#primaryimage"},"thumbnailUrl":"http:\/\/www.sogecaburkina.com\/wp-content\/uploads\/2020\/06\/agence_faso_bara.jpg","datePublished":"2020-05-21T10:43:20+00:00","dateModified":"2020-06-02T07:28:19+00:00","breadcrumb":{"@id":"https:\/\/www.sogecaburkina.com\/?page_id=42#breadcrumb"},"inLanguage":"en-US","potentialAction":[{"@type":"ReadAction","target":["https:\/\/www.sogecaburkina.com\/?page_id=42"]}]},{"@type":"ImageObject","inLanguage":"en-US","@id":"https:\/\/www.sogecaburkina.com\/?page_id=42#primaryimage","url":"https:\/\/www.sogecaburkina.com\/wp-content\/uploads\/2020\/06\/agence_faso_bara.jpg","contentUrl":"https:\/\/www.sogecaburkina.com\/wp-content\/uploads\/2020\/06\/agence_faso_bara.jpg","width":400,"height":400},{"@type":"BreadcrumbList","@id":"https:\/\/www.sogecaburkina.com\/?page_id=42#breadcrumb","itemListElement":[{"@type":"ListItem","position":1,"name":"Home","item":"https:\/\/www.sogecaburkina.com\/"},{"@type":"ListItem","position":2,"name":"Nos Clients"}]},{"@type":"WebSite","@id":"https:\/\/www.sogecaburkina.com\/#website","url":"https:\/\/www.sogecaburkina.com\/","name":"SOGECA","description":"Expertise comptable et d&#039;audits Burkina Faso","publisher":{"@id":"https:\/\/www.sogecaburkina.com\/#organization"},"potentialAction":[{"@type":"SearchAction","target":{"@type":"EntryPoint","urlTemplate":"https:\/\/www.sogecaburkina.com\/?s={search_term_string}"},"query-input":{"@type":"PropertyValueSpecification","valueRequired":true,"valueName":"search_term_string"}}],"inLanguage":"en-US"},{"@type":"Organization","@id":"https:\/\/www.sogecaburkina.com\/#organization","name":"SOGECA, Expertise comptable et d'audits","url":"https:\/\/www.sogecaburkina.com\/","logo":{"@type":"ImageObject","inLanguage":"en-US","@id":"https:\/\/www.sogecaburkina.com\/#\/schema\/logo\/image\/","url":"https:\/\/www.sogecaburkina.com\/wp-content\/uploads\/2025\/12\/cropped-cropped-logo_entete-3-Copie-OK.png","contentUrl":"https:\/\/www.sogecaburkina.com\/wp-content\/uploads\/2025\/12\/cropped-cropped-logo_entete-3-Copie-OK.png","width":80,"height":74,"caption":"SOGECA, Expertise comptable et d'audits"},"image":{"@id":"https:\/\/www.sogecaburkina.com\/#\/schema\/logo\/image\/"}}]}},"_links":{"self":[{"href":"https:\/\/www.sogecaburkina.com\/index.php?rest_route=\/wp\/v2\/pages\/42","targetHints":{"allow":["GET"]}}],"collection":[{"href":"https:\/\/www.sogecaburkina.com\/index.php?rest_route=\/wp\/v2\/pages"}],"about":[{"href":"https:\/\/www.sogecaburkina.com\/index.php?rest_route=\/wp\/v2\/types\/page"}],"author":[{"embeddable":true,"href":"https:\/\/www.sogecaburkina.com\/index.php?rest_route=\/wp\/v2\/users\/1"}],"replies":[{"embeddable":true,"href":"https:\/\/www.sogecaburkina.com\/index.php?rest_route=%2Fwp%2Fv2%2Fcomments&post=42"}],"version-history":[{"count":31,"href":"https:\/\/www.sogecaburkina.com\/index.php?rest_route=\/wp\/v2\/pages\/42\/revisions"}],"predecessor-version":[{"id":729,"href":"https:\/\/www.sogecaburkina.com\/index.php?rest_route=\/wp\/v2\/pages\/42\/revisions\/729"}],"wp:attachment":[{"href":"https:\/\/www.sogecaburkina.com\/index.php?rest_route=%2Fwp%2Fv2%2Fmedia&parent=42"}],"curies":[{"name":"wp","href":"https:\/\/api.w.org\/{rel}","templated":true}]}}