{"id":37,"date":"2020-05-21T10:42:01","date_gmt":"2020-05-21T10:42:01","guid":{"rendered":"http:\/\/www.sogecaburkina.com\/?page_id=37"},"modified":"2025-12-06T13:17:22","modified_gmt":"2025-12-06T13:17:22","slug":"assistance-comptable","status":"publish","type":"page","link":"https:\/\/www.sogecaburkina.com\/?page_id=37","title":{"rendered":"Assistance Comptable"},"content":{"rendered":"\n<p class=\"page_title has-text-color\" style=\"color:#00aae8\"><h2>Assistance Comptable<\/h2><\/p>\n\n\n<p>&nbsp;<\/p>\n\n\n\n<p>Il\ns&#8217;agit d&#8217;expertise comptable et de conseils pratiques sur :<\/p>\n\n\n\n<p><img decoding=\"async\" src=\"http:\/\/www.sogecaburkina.com\/wp-content\/uploads\/2020\/05\/yes.png\"> La mise en place de la comptabilit\u00e9 g\u00e9n\u00e9rale (supports comptables, logiciels),<\/p>\n\n\n\n<p><img decoding=\"async\" src=\"http:\/\/www.sogecaburkina.com\/wp-content\/uploads\/2020\/05\/yes.png\"> Le suivi de la comptabilit\u00e9 (archivage des pi\u00e8ces justificatives, imputations comptables, tenue des journaux),<\/p>\n\n\n\n<p><img decoding=\"async\" src=\"http:\/\/www.sogecaburkina.com\/wp-content\/uploads\/2020\/05\/yes.png\"> L&#8217;\u00e9tablissement des \u00e9tats p\u00e9riodiques (balances mensuelles, trimestrielles, semestrielles, \u00e9tats financiers mensuels, trimestriels, semestriels),<\/p>\n\n\n\n<p><img decoding=\"async\" src=\"http:\/\/www.sogecaburkina.com\/wp-content\/uploads\/2020\/05\/yes.png\"> L\u2019apurement et justification des soldes des comptes,<\/p>\n\n\n\n<p><img decoding=\"async\" src=\"http:\/\/www.sogecaburkina.com\/wp-content\/uploads\/2020\/05\/yes.png\"> L&#8217;\u00e9valuation des entreprises.<\/p>\n","protected":false},"excerpt":{"rendered":"<p>Assistance Comptable Il s&#8217;agit d&#8217;expertise comptable et de conseils pratiques sur : La mise en place de la comptabilit\u00e9 g\u00e9n\u00e9rale (supports comptables, logiciels), Le suivi de la comptabilit\u00e9 (archivage des pi\u00e8ces justificatives, imputations comptables, tenue des journaux), L&#8217;\u00e9tablissement des \u00e9tats p\u00e9riodiques (balances mensuelles, trimestrielles, semestrielles, \u00e9tats financiers mensuels, trimestriels, semestriels), L\u2019apurement et justification des soldes [&hellip;]<\/p>\n","protected":false},"author":1,"featured_media":0,"parent":0,"menu_order":0,"comment_status":"closed","ping_status":"closed","template":"","meta":{"footnotes":""},"class_list":["post-37","page","type-page","status-publish","hentry"],"yoast_head":"<!-- This site is optimized with the Yoast SEO plugin v26.5 - https:\/\/yoast.com\/wordpress\/plugins\/seo\/ -->\n<title>Assistance Comptable - SOGECA<\/title>\n<meta name=\"description\" content=\"Le Cabinet SOGECA International est sp\u00e9cialis\u00e9 en audits, contr\u00f4les comptables et financiers, en apurement de comptes, en assistance comptable, assistance en gestion, et \u00e9tudes de projets structurants, en conseils juridiques et fiscaux, en formation adapt\u00e9e \u00e0 vos besoins\u2026\" \/>\n<meta name=\"robots\" content=\"index, follow, max-snippet:-1, max-image-preview:large, max-video-preview:-1\" \/>\n<link rel=\"canonical\" href=\"https:\/\/www.sogecaburkina.com\/?page_id=37\" \/>\n<meta property=\"og:locale\" content=\"en_US\" \/>\n<meta property=\"og:type\" content=\"article\" \/>\n<meta property=\"og:title\" content=\"Assistance Comptable - SOGECA\" \/>\n<meta property=\"og:description\" content=\"Le Cabinet SOGECA International est sp\u00e9cialis\u00e9 en audits, contr\u00f4les comptables et financiers, en apurement de comptes, en assistance comptable, assistance en gestion, et \u00e9tudes de projets structurants, en conseils juridiques et fiscaux, en formation adapt\u00e9e \u00e0 vos besoins\u2026\" \/>\n<meta property=\"og:url\" content=\"https:\/\/www.sogecaburkina.com\/?page_id=37\" \/>\n<meta property=\"og:site_name\" content=\"SOGECA\" \/>\n<meta property=\"article:modified_time\" content=\"2025-12-06T13:17:22+00:00\" \/>\n<meta property=\"og:image\" content=\"http:\/\/www.sogecaburkina.com\/wp-content\/uploads\/2020\/05\/yes.png\" \/>\n<meta name=\"twitter:card\" content=\"summary_large_image\" \/>\n<meta name=\"twitter:label1\" content=\"Est. reading time\" \/>\n\t<meta name=\"twitter:data1\" content=\"2 minutes\" \/>\n<script type=\"application\/ld+json\" class=\"yoast-schema-graph\">{\"@context\":\"https:\/\/schema.org\",\"@graph\":[{\"@type\":\"WebPage\",\"@id\":\"https:\/\/www.sogecaburkina.com\/?page_id=37\",\"url\":\"https:\/\/www.sogecaburkina.com\/?page_id=37\",\"name\":\"Assistance Comptable - SOGECA\",\"isPartOf\":{\"@id\":\"https:\/\/www.sogecaburkina.com\/#website\"},\"primaryImageOfPage\":{\"@id\":\"https:\/\/www.sogecaburkina.com\/?page_id=37#primaryimage\"},\"image\":{\"@id\":\"https:\/\/www.sogecaburkina.com\/?page_id=37#primaryimage\"},\"thumbnailUrl\":\"http:\/\/www.sogecaburkina.com\/wp-content\/uploads\/2020\/05\/yes.png\",\"datePublished\":\"2020-05-21T10:42:01+00:00\",\"dateModified\":\"2025-12-06T13:17:22+00:00\",\"description\":\"Le Cabinet SOGECA International est sp\u00e9cialis\u00e9 en audits, contr\u00f4les comptables et financiers, en apurement de comptes, en assistance comptable, assistance en gestion, et \u00e9tudes de projets structurants, en conseils juridiques et fiscaux, en formation adapt\u00e9e \u00e0 vos besoins\u2026\",\"breadcrumb\":{\"@id\":\"https:\/\/www.sogecaburkina.com\/?page_id=37#breadcrumb\"},\"inLanguage\":\"en-US\",\"potentialAction\":[{\"@type\":\"ReadAction\",\"target\":[\"https:\/\/www.sogecaburkina.com\/?page_id=37\"]}]},{\"@type\":\"ImageObject\",\"inLanguage\":\"en-US\",\"@id\":\"https:\/\/www.sogecaburkina.com\/?page_id=37#primaryimage\",\"url\":\"https:\/\/www.sogecaburkina.com\/wp-content\/uploads\/2020\/05\/yes.png\",\"contentUrl\":\"https:\/\/www.sogecaburkina.com\/wp-content\/uploads\/2020\/05\/yes.png\",\"width\":16,\"height\":16},{\"@type\":\"BreadcrumbList\",\"@id\":\"https:\/\/www.sogecaburkina.com\/?page_id=37#breadcrumb\",\"itemListElement\":[{\"@type\":\"ListItem\",\"position\":1,\"name\":\"Home\",\"item\":\"https:\/\/www.sogecaburkina.com\/\"},{\"@type\":\"ListItem\",\"position\":2,\"name\":\"Assistance Comptable\"}]},{\"@type\":\"WebSite\",\"@id\":\"https:\/\/www.sogecaburkina.com\/#website\",\"url\":\"https:\/\/www.sogecaburkina.com\/\",\"name\":\"SOGECA\",\"description\":\"Expertise comptable et d&#039;audits Burkina Faso\",\"publisher\":{\"@id\":\"https:\/\/www.sogecaburkina.com\/#organization\"},\"potentialAction\":[{\"@type\":\"SearchAction\",\"target\":{\"@type\":\"EntryPoint\",\"urlTemplate\":\"https:\/\/www.sogecaburkina.com\/?s={search_term_string}\"},\"query-input\":{\"@type\":\"PropertyValueSpecification\",\"valueRequired\":true,\"valueName\":\"search_term_string\"}}],\"inLanguage\":\"en-US\"},{\"@type\":\"Organization\",\"@id\":\"https:\/\/www.sogecaburkina.com\/#organization\",\"name\":\"SOGECA, Expertise comptable et d'audits\",\"url\":\"https:\/\/www.sogecaburkina.com\/\",\"logo\":{\"@type\":\"ImageObject\",\"inLanguage\":\"en-US\",\"@id\":\"https:\/\/www.sogecaburkina.com\/#\/schema\/logo\/image\/\",\"url\":\"https:\/\/www.sogecaburkina.com\/wp-content\/uploads\/2025\/12\/cropped-cropped-logo_entete-3-Copie-OK.png\",\"contentUrl\":\"https:\/\/www.sogecaburkina.com\/wp-content\/uploads\/2025\/12\/cropped-cropped-logo_entete-3-Copie-OK.png\",\"width\":80,\"height\":74,\"caption\":\"SOGECA, Expertise comptable et d'audits\"},\"image\":{\"@id\":\"https:\/\/www.sogecaburkina.com\/#\/schema\/logo\/image\/\"}}]}<\/script>\n<!-- \/ Yoast SEO plugin. -->","yoast_head_json":{"title":"Assistance Comptable - SOGECA","description":"Le Cabinet SOGECA International est sp\u00e9cialis\u00e9 en audits, contr\u00f4les comptables et financiers, en apurement de comptes, en assistance comptable, assistance en gestion, et \u00e9tudes de projets structurants, en conseils juridiques et fiscaux, en formation adapt\u00e9e \u00e0 vos besoins\u2026","robots":{"index":"index","follow":"follow","max-snippet":"max-snippet:-1","max-image-preview":"max-image-preview:large","max-video-preview":"max-video-preview:-1"},"canonical":"https:\/\/www.sogecaburkina.com\/?page_id=37","og_locale":"en_US","og_type":"article","og_title":"Assistance Comptable - SOGECA","og_description":"Le Cabinet SOGECA International est sp\u00e9cialis\u00e9 en audits, contr\u00f4les comptables et financiers, en apurement de comptes, en assistance comptable, assistance en gestion, et \u00e9tudes de projets structurants, en conseils juridiques et fiscaux, en formation adapt\u00e9e \u00e0 vos besoins\u2026","og_url":"https:\/\/www.sogecaburkina.com\/?page_id=37","og_site_name":"SOGECA","article_modified_time":"2025-12-06T13:17:22+00:00","og_image":[{"url":"http:\/\/www.sogecaburkina.com\/wp-content\/uploads\/2020\/05\/yes.png","type":"","width":"","height":""}],"twitter_card":"summary_large_image","twitter_misc":{"Est. reading time":"2 minutes"},"schema":{"@context":"https:\/\/schema.org","@graph":[{"@type":"WebPage","@id":"https:\/\/www.sogecaburkina.com\/?page_id=37","url":"https:\/\/www.sogecaburkina.com\/?page_id=37","name":"Assistance Comptable - SOGECA","isPartOf":{"@id":"https:\/\/www.sogecaburkina.com\/#website"},"primaryImageOfPage":{"@id":"https:\/\/www.sogecaburkina.com\/?page_id=37#primaryimage"},"image":{"@id":"https:\/\/www.sogecaburkina.com\/?page_id=37#primaryimage"},"thumbnailUrl":"http:\/\/www.sogecaburkina.com\/wp-content\/uploads\/2020\/05\/yes.png","datePublished":"2020-05-21T10:42:01+00:00","dateModified":"2025-12-06T13:17:22+00:00","description":"Le Cabinet SOGECA International est sp\u00e9cialis\u00e9 en audits, contr\u00f4les comptables et financiers, en apurement de comptes, en assistance comptable, assistance en gestion, et \u00e9tudes de projets structurants, en conseils juridiques et fiscaux, en formation adapt\u00e9e \u00e0 vos besoins\u2026","breadcrumb":{"@id":"https:\/\/www.sogecaburkina.com\/?page_id=37#breadcrumb"},"inLanguage":"en-US","potentialAction":[{"@type":"ReadAction","target":["https:\/\/www.sogecaburkina.com\/?page_id=37"]}]},{"@type":"ImageObject","inLanguage":"en-US","@id":"https:\/\/www.sogecaburkina.com\/?page_id=37#primaryimage","url":"https:\/\/www.sogecaburkina.com\/wp-content\/uploads\/2020\/05\/yes.png","contentUrl":"https:\/\/www.sogecaburkina.com\/wp-content\/uploads\/2020\/05\/yes.png","width":16,"height":16},{"@type":"BreadcrumbList","@id":"https:\/\/www.sogecaburkina.com\/?page_id=37#breadcrumb","itemListElement":[{"@type":"ListItem","position":1,"name":"Home","item":"https:\/\/www.sogecaburkina.com\/"},{"@type":"ListItem","position":2,"name":"Assistance Comptable"}]},{"@type":"WebSite","@id":"https:\/\/www.sogecaburkina.com\/#website","url":"https:\/\/www.sogecaburkina.com\/","name":"SOGECA","description":"Expertise comptable et d&#039;audits Burkina Faso","publisher":{"@id":"https:\/\/www.sogecaburkina.com\/#organization"},"potentialAction":[{"@type":"SearchAction","target":{"@type":"EntryPoint","urlTemplate":"https:\/\/www.sogecaburkina.com\/?s={search_term_string}"},"query-input":{"@type":"PropertyValueSpecification","valueRequired":true,"valueName":"search_term_string"}}],"inLanguage":"en-US"},{"@type":"Organization","@id":"https:\/\/www.sogecaburkina.com\/#organization","name":"SOGECA, Expertise comptable et d'audits","url":"https:\/\/www.sogecaburkina.com\/","logo":{"@type":"ImageObject","inLanguage":"en-US","@id":"https:\/\/www.sogecaburkina.com\/#\/schema\/logo\/image\/","url":"https:\/\/www.sogecaburkina.com\/wp-content\/uploads\/2025\/12\/cropped-cropped-logo_entete-3-Copie-OK.png","contentUrl":"https:\/\/www.sogecaburkina.com\/wp-content\/uploads\/2025\/12\/cropped-cropped-logo_entete-3-Copie-OK.png","width":80,"height":74,"caption":"SOGECA, Expertise comptable et d'audits"},"image":{"@id":"https:\/\/www.sogecaburkina.com\/#\/schema\/logo\/image\/"}}]}},"_links":{"self":[{"href":"https:\/\/www.sogecaburkina.com\/index.php?rest_route=\/wp\/v2\/pages\/37","targetHints":{"allow":["GET"]}}],"collection":[{"href":"https:\/\/www.sogecaburkina.com\/index.php?rest_route=\/wp\/v2\/pages"}],"about":[{"href":"https:\/\/www.sogecaburkina.com\/index.php?rest_route=\/wp\/v2\/types\/page"}],"author":[{"embeddable":true,"href":"https:\/\/www.sogecaburkina.com\/index.php?rest_route=\/wp\/v2\/users\/1"}],"replies":[{"embeddable":true,"href":"https:\/\/www.sogecaburkina.com\/index.php?rest_route=%2Fwp%2Fv2%2Fcomments&post=37"}],"version-history":[{"count":7,"href":"https:\/\/www.sogecaburkina.com\/index.php?rest_route=\/wp\/v2\/pages\/37\/revisions"}],"predecessor-version":[{"id":1224,"href":"https:\/\/www.sogecaburkina.com\/index.php?rest_route=\/wp\/v2\/pages\/37\/revisions\/1224"}],"wp:attachment":[{"href":"https:\/\/www.sogecaburkina.com\/index.php?rest_route=%2Fwp%2Fv2%2Fmedia&parent=37"}],"curies":[{"name":"wp","href":"https:\/\/api.w.org\/{rel}","templated":true}]}}