{"id":35,"date":"2020-05-21T10:41:42","date_gmt":"2020-05-21T10:41:42","guid":{"rendered":"http:\/\/www.sogecaburkina.com\/?page_id=35"},"modified":"2025-12-06T13:18:44","modified_gmt":"2025-12-06T13:18:44","slug":"etude-de-projets","status":"publish","type":"page","link":"https:\/\/www.sogecaburkina.com\/?page_id=35","title":{"rendered":"\u00c9tude de Projets"},"content":{"rendered":"\n<p class=\"page_title has-text-color\" style=\"color:#00aae8\"><h2>\u00c9tudes de Projets<\/h2><\/p>\n\n\n<p>&nbsp;<\/p>\n\n\n\n<p><img decoding=\"async\" src=\"http:\/\/www.sogecaburkina.com\/wp-content\/uploads\/2020\/05\/yes.png\"> \u00c9tude de projets d\u2019investissement,<\/p>\n\n\n\n<p><img decoding=\"async\" src=\"http:\/\/www.sogecaburkina.com\/wp-content\/uploads\/2020\/05\/yes.png\"> \u00c9tude des projets de d\u00e9veloppement,<\/p>\n\n\n\n<p><img decoding=\"async\" src=\"http:\/\/www.sogecaburkina.com\/wp-content\/uploads\/2020\/05\/yes.png\"> Accompagnement pour\nle financement,<\/p>\n\n\n\n<p><img decoding=\"async\" src=\"http:\/\/www.sogecaburkina.com\/wp-content\/uploads\/2020\/05\/yes.png\"> Etc\u2026<\/p>\n","protected":false},"excerpt":{"rendered":"<p>\u00c9tudes de Projets \u00c9tude de projets d\u2019investissement, \u00c9tude des projets de d\u00e9veloppement, Accompagnement pour le financement, Etc\u2026<\/p>\n","protected":false},"author":1,"featured_media":0,"parent":0,"menu_order":0,"comment_status":"closed","ping_status":"closed","template":"","meta":{"footnotes":""},"class_list":["post-35","page","type-page","status-publish","hentry"],"yoast_head":"<!-- This site is optimized with the Yoast SEO plugin v26.5 - https:\/\/yoast.com\/wordpress\/plugins\/seo\/ -->\n<title>\u00c9tude de Projets - SOGECA<\/title>\n<meta name=\"description\" content=\"Le Cabinet SOGECA International est sp\u00e9cialis\u00e9 en audits, contr\u00f4les comptables et financiers, en apurement de comptes, en assistance comptable, assistance en gestion, et \u00e9tudes de projets structurants, en conseils juridiques et fiscaux, en formation adapt\u00e9e \u00e0 vos besoins\u2026\" \/>\n<meta name=\"robots\" content=\"index, follow, max-snippet:-1, max-image-preview:large, max-video-preview:-1\" \/>\n<link rel=\"canonical\" href=\"https:\/\/www.sogecaburkina.com\/?page_id=35\" \/>\n<meta property=\"og:locale\" content=\"en_US\" \/>\n<meta property=\"og:type\" content=\"article\" \/>\n<meta property=\"og:title\" content=\"\u00c9tude de Projets - SOGECA\" \/>\n<meta property=\"og:description\" content=\"Le Cabinet SOGECA International est sp\u00e9cialis\u00e9 en audits, contr\u00f4les comptables et financiers, en apurement de comptes, en assistance comptable, assistance en gestion, et \u00e9tudes de projets structurants, en conseils juridiques et fiscaux, en formation adapt\u00e9e \u00e0 vos besoins\u2026\" \/>\n<meta property=\"og:url\" content=\"https:\/\/www.sogecaburkina.com\/?page_id=35\" \/>\n<meta property=\"og:site_name\" content=\"SOGECA\" \/>\n<meta property=\"article:modified_time\" content=\"2025-12-06T13:18:44+00:00\" \/>\n<meta property=\"og:image\" content=\"http:\/\/www.sogecaburkina.com\/wp-content\/uploads\/2020\/05\/yes.png\" \/>\n<meta name=\"twitter:card\" content=\"summary_large_image\" \/>\n<meta name=\"twitter:label1\" content=\"Est. reading time\" \/>\n\t<meta name=\"twitter:data1\" content=\"1 minute\" \/>\n<script type=\"application\/ld+json\" class=\"yoast-schema-graph\">{\"@context\":\"https:\/\/schema.org\",\"@graph\":[{\"@type\":\"WebPage\",\"@id\":\"https:\/\/www.sogecaburkina.com\/?page_id=35\",\"url\":\"https:\/\/www.sogecaburkina.com\/?page_id=35\",\"name\":\"\u00c9tude de Projets - SOGECA\",\"isPartOf\":{\"@id\":\"https:\/\/www.sogecaburkina.com\/#website\"},\"primaryImageOfPage\":{\"@id\":\"https:\/\/www.sogecaburkina.com\/?page_id=35#primaryimage\"},\"image\":{\"@id\":\"https:\/\/www.sogecaburkina.com\/?page_id=35#primaryimage\"},\"thumbnailUrl\":\"http:\/\/www.sogecaburkina.com\/wp-content\/uploads\/2020\/05\/yes.png\",\"datePublished\":\"2020-05-21T10:41:42+00:00\",\"dateModified\":\"2025-12-06T13:18:44+00:00\",\"description\":\"Le Cabinet SOGECA International est sp\u00e9cialis\u00e9 en audits, contr\u00f4les comptables et financiers, en apurement de comptes, en assistance comptable, assistance en gestion, et \u00e9tudes de projets structurants, en conseils juridiques et fiscaux, en formation adapt\u00e9e \u00e0 vos besoins\u2026\",\"breadcrumb\":{\"@id\":\"https:\/\/www.sogecaburkina.com\/?page_id=35#breadcrumb\"},\"inLanguage\":\"en-US\",\"potentialAction\":[{\"@type\":\"ReadAction\",\"target\":[\"https:\/\/www.sogecaburkina.com\/?page_id=35\"]}]},{\"@type\":\"ImageObject\",\"inLanguage\":\"en-US\",\"@id\":\"https:\/\/www.sogecaburkina.com\/?page_id=35#primaryimage\",\"url\":\"https:\/\/www.sogecaburkina.com\/wp-content\/uploads\/2020\/05\/yes.png\",\"contentUrl\":\"https:\/\/www.sogecaburkina.com\/wp-content\/uploads\/2020\/05\/yes.png\",\"width\":16,\"height\":16},{\"@type\":\"BreadcrumbList\",\"@id\":\"https:\/\/www.sogecaburkina.com\/?page_id=35#breadcrumb\",\"itemListElement\":[{\"@type\":\"ListItem\",\"position\":1,\"name\":\"Home\",\"item\":\"https:\/\/www.sogecaburkina.com\/\"},{\"@type\":\"ListItem\",\"position\":2,\"name\":\"\u00c9tude de Projets\"}]},{\"@type\":\"WebSite\",\"@id\":\"https:\/\/www.sogecaburkina.com\/#website\",\"url\":\"https:\/\/www.sogecaburkina.com\/\",\"name\":\"SOGECA\",\"description\":\"Expertise comptable et d&#039;audits Burkina Faso\",\"publisher\":{\"@id\":\"https:\/\/www.sogecaburkina.com\/#organization\"},\"potentialAction\":[{\"@type\":\"SearchAction\",\"target\":{\"@type\":\"EntryPoint\",\"urlTemplate\":\"https:\/\/www.sogecaburkina.com\/?s={search_term_string}\"},\"query-input\":{\"@type\":\"PropertyValueSpecification\",\"valueRequired\":true,\"valueName\":\"search_term_string\"}}],\"inLanguage\":\"en-US\"},{\"@type\":\"Organization\",\"@id\":\"https:\/\/www.sogecaburkina.com\/#organization\",\"name\":\"SOGECA, Expertise comptable et d'audits\",\"url\":\"https:\/\/www.sogecaburkina.com\/\",\"logo\":{\"@type\":\"ImageObject\",\"inLanguage\":\"en-US\",\"@id\":\"https:\/\/www.sogecaburkina.com\/#\/schema\/logo\/image\/\",\"url\":\"https:\/\/www.sogecaburkina.com\/wp-content\/uploads\/2025\/12\/cropped-cropped-logo_entete-3-Copie-OK.png\",\"contentUrl\":\"https:\/\/www.sogecaburkina.com\/wp-content\/uploads\/2025\/12\/cropped-cropped-logo_entete-3-Copie-OK.png\",\"width\":80,\"height\":74,\"caption\":\"SOGECA, Expertise comptable et d'audits\"},\"image\":{\"@id\":\"https:\/\/www.sogecaburkina.com\/#\/schema\/logo\/image\/\"}}]}<\/script>\n<!-- \/ Yoast SEO plugin. -->","yoast_head_json":{"title":"\u00c9tude de Projets - SOGECA","description":"Le Cabinet SOGECA International est sp\u00e9cialis\u00e9 en audits, contr\u00f4les comptables et financiers, en apurement de comptes, en assistance comptable, assistance en gestion, et \u00e9tudes de projets structurants, en conseils juridiques et fiscaux, en formation adapt\u00e9e \u00e0 vos besoins\u2026","robots":{"index":"index","follow":"follow","max-snippet":"max-snippet:-1","max-image-preview":"max-image-preview:large","max-video-preview":"max-video-preview:-1"},"canonical":"https:\/\/www.sogecaburkina.com\/?page_id=35","og_locale":"en_US","og_type":"article","og_title":"\u00c9tude de Projets - SOGECA","og_description":"Le Cabinet SOGECA International est sp\u00e9cialis\u00e9 en audits, contr\u00f4les comptables et financiers, en apurement de comptes, en assistance comptable, assistance en gestion, et \u00e9tudes de projets structurants, en conseils juridiques et fiscaux, en formation adapt\u00e9e \u00e0 vos besoins\u2026","og_url":"https:\/\/www.sogecaburkina.com\/?page_id=35","og_site_name":"SOGECA","article_modified_time":"2025-12-06T13:18:44+00:00","og_image":[{"url":"http:\/\/www.sogecaburkina.com\/wp-content\/uploads\/2020\/05\/yes.png","type":"","width":"","height":""}],"twitter_card":"summary_large_image","twitter_misc":{"Est. reading time":"1 minute"},"schema":{"@context":"https:\/\/schema.org","@graph":[{"@type":"WebPage","@id":"https:\/\/www.sogecaburkina.com\/?page_id=35","url":"https:\/\/www.sogecaburkina.com\/?page_id=35","name":"\u00c9tude de Projets - SOGECA","isPartOf":{"@id":"https:\/\/www.sogecaburkina.com\/#website"},"primaryImageOfPage":{"@id":"https:\/\/www.sogecaburkina.com\/?page_id=35#primaryimage"},"image":{"@id":"https:\/\/www.sogecaburkina.com\/?page_id=35#primaryimage"},"thumbnailUrl":"http:\/\/www.sogecaburkina.com\/wp-content\/uploads\/2020\/05\/yes.png","datePublished":"2020-05-21T10:41:42+00:00","dateModified":"2025-12-06T13:18:44+00:00","description":"Le Cabinet SOGECA International est sp\u00e9cialis\u00e9 en audits, contr\u00f4les comptables et financiers, en apurement de comptes, en assistance comptable, assistance en gestion, et \u00e9tudes de projets structurants, en conseils juridiques et fiscaux, en formation adapt\u00e9e \u00e0 vos besoins\u2026","breadcrumb":{"@id":"https:\/\/www.sogecaburkina.com\/?page_id=35#breadcrumb"},"inLanguage":"en-US","potentialAction":[{"@type":"ReadAction","target":["https:\/\/www.sogecaburkina.com\/?page_id=35"]}]},{"@type":"ImageObject","inLanguage":"en-US","@id":"https:\/\/www.sogecaburkina.com\/?page_id=35#primaryimage","url":"https:\/\/www.sogecaburkina.com\/wp-content\/uploads\/2020\/05\/yes.png","contentUrl":"https:\/\/www.sogecaburkina.com\/wp-content\/uploads\/2020\/05\/yes.png","width":16,"height":16},{"@type":"BreadcrumbList","@id":"https:\/\/www.sogecaburkina.com\/?page_id=35#breadcrumb","itemListElement":[{"@type":"ListItem","position":1,"name":"Home","item":"https:\/\/www.sogecaburkina.com\/"},{"@type":"ListItem","position":2,"name":"\u00c9tude de Projets"}]},{"@type":"WebSite","@id":"https:\/\/www.sogecaburkina.com\/#website","url":"https:\/\/www.sogecaburkina.com\/","name":"SOGECA","description":"Expertise comptable et d&#039;audits Burkina Faso","publisher":{"@id":"https:\/\/www.sogecaburkina.com\/#organization"},"potentialAction":[{"@type":"SearchAction","target":{"@type":"EntryPoint","urlTemplate":"https:\/\/www.sogecaburkina.com\/?s={search_term_string}"},"query-input":{"@type":"PropertyValueSpecification","valueRequired":true,"valueName":"search_term_string"}}],"inLanguage":"en-US"},{"@type":"Organization","@id":"https:\/\/www.sogecaburkina.com\/#organization","name":"SOGECA, Expertise comptable et d'audits","url":"https:\/\/www.sogecaburkina.com\/","logo":{"@type":"ImageObject","inLanguage":"en-US","@id":"https:\/\/www.sogecaburkina.com\/#\/schema\/logo\/image\/","url":"https:\/\/www.sogecaburkina.com\/wp-content\/uploads\/2025\/12\/cropped-cropped-logo_entete-3-Copie-OK.png","contentUrl":"https:\/\/www.sogecaburkina.com\/wp-content\/uploads\/2025\/12\/cropped-cropped-logo_entete-3-Copie-OK.png","width":80,"height":74,"caption":"SOGECA, Expertise comptable et d'audits"},"image":{"@id":"https:\/\/www.sogecaburkina.com\/#\/schema\/logo\/image\/"}}]}},"_links":{"self":[{"href":"https:\/\/www.sogecaburkina.com\/index.php?rest_route=\/wp\/v2\/pages\/35","targetHints":{"allow":["GET"]}}],"collection":[{"href":"https:\/\/www.sogecaburkina.com\/index.php?rest_route=\/wp\/v2\/pages"}],"about":[{"href":"https:\/\/www.sogecaburkina.com\/index.php?rest_route=\/wp\/v2\/types\/page"}],"author":[{"embeddable":true,"href":"https:\/\/www.sogecaburkina.com\/index.php?rest_route=\/wp\/v2\/users\/1"}],"replies":[{"embeddable":true,"href":"https:\/\/www.sogecaburkina.com\/index.php?rest_route=%2Fwp%2Fv2%2Fcomments&post=35"}],"version-history":[{"count":4,"href":"https:\/\/www.sogecaburkina.com\/index.php?rest_route=\/wp\/v2\/pages\/35\/revisions"}],"predecessor-version":[{"id":1233,"href":"https:\/\/www.sogecaburkina.com\/index.php?rest_route=\/wp\/v2\/pages\/35\/revisions\/1233"}],"wp:attachment":[{"href":"https:\/\/www.sogecaburkina.com\/index.php?rest_route=%2Fwp%2Fv2%2Fmedia&parent=35"}],"curies":[{"name":"wp","href":"https:\/\/api.w.org\/{rel}","templated":true}]}}