{"id":31,"date":"2020-05-21T10:41:01","date_gmt":"2020-05-21T10:41:01","guid":{"rendered":"http:\/\/www.sogecaburkina.com\/?page_id=31"},"modified":"2025-12-06T13:18:02","modified_gmt":"2025-12-06T13:18:02","slug":"audits-controles-comptables-financiers","status":"publish","type":"page","link":"https:\/\/www.sogecaburkina.com\/?page_id=31","title":{"rendered":"Audits &#8211; Contr\u00f4les Comptables &#038; Financiers"},"content":{"rendered":"\n<p class=\"page_title has-text-color\" style=\"color:#00aae8\"><h2>Audit &#8211; Contr\u00f4les Comptables &amp; Financiers<\/h2><\/p>\n\n\n\n<br\/> <br\/> <br\/>\n\n\n\n<p><strong>Contr\u00f4les l\u00e9gaux<\/strong><\/p>\n\n\n\n<p><strong><img decoding=\"async\" src=\"http:\/\/www.sogecaburkina.com\/wp-content\/uploads\/2020\/05\/yes.png\"> Commissariat aux comptes<\/strong><\/p>\n\n\n\n<p>Il\ns&#8217;agit de contr\u00f4le l\u00e9gal et externe men\u00e9 de mani\u00e8re permanente par un ou\nplusieurs commissaires aux comptes ayant pour objectif principal la\nv\u00e9rification de la r\u00e9gularit\u00e9, de la sinc\u00e9rit\u00e9 et de l&#8217;image fid\u00e8le des\ncomptes. <\/p>\n\n\n\n<p><strong><img decoding=\"async\" src=\"http:\/\/www.sogecaburkina.com\/wp-content\/uploads\/2020\/05\/yes.png\"> Commissariat aux apports, \u00e0 la\ntransformation, \u00e0 la fusion&nbsp; ou \u00e0 la\nscission<\/strong><\/p>\n\n\n\n<p>En\ncas de constitution avec apport en nature, augmentation de capital, fusion,\nscission, apport partiel d&#8217;actif etc., un commissaire aux apports doit \u00eatre\nnomm\u00e9 pour fournir un rapport sur l&#8217;\u00e9valuation des apports en nature.<\/p>\n\n\n\n<p><strong>R\u00e9vision\ncontractuelle<\/strong><\/p>\n\n\n\n<p><strong><img decoding=\"async\" src=\"http:\/\/www.sogecaburkina.com\/wp-content\/uploads\/2020\/05\/yes.png\"> R\u00e9vision, audits comptable et financier<\/strong><\/p>\n\n\n\n<p>Il s&#8217;agit d&#8217;une\nmission contractuelle pour constater la r\u00e9gularit\u00e9 d&#8217;un certain nombre\nd&#8217;op\u00e9rations :<\/p>\n\n\n\n<p>Les normes de r\u00e9vision contractuelle,<\/p>\n\n\n\n<p>Le contr\u00f4le des stocks et des travaux\nen cours,<\/p>\n\n\n\n<p>La proc\u00e9dure de confirmation directe,<\/p>\n\n\n\n<p>Le contr\u00f4le des titres de\nparticipation et de placement,<\/p>\n\n\n\n<p>La r\u00e9vision des comptes consolid\u00e9s,<\/p>\n\n\n\n<p>Le contr\u00f4le des biens entr\u00e9s dans le\npatrimoine d&#8217;une soci\u00e9t\u00e9 \u00e0 la suite d&#8217;op\u00e9ration d&#8217;apport, de fusion ou de\nscission,<\/p>\n\n\n\n<p>La r\u00e9vision en milieu informatis\u00e9:<\/p>\n\n\n\n<p>les principes g\u00e9n\u00e9raux,<\/p>\n\n\n\n<p>l&#8217;informatique sur l&#8217;\u00e9tude et\nl&#8217;\u00e9valuation du syst\u00e8me de contr\u00f4le,<\/p>\n\n\n\n<p>les techniques de contr\u00f4les assist\u00e9s\npar ordinateur.<\/p>\n\n\n\n<p>Le seuil de signification<\/p>\n\n\n\n<p>Les r\u00e9visions des comptes de frais g\u00e9n\u00e9raux<\/p>\n\n\n\n<p>Les demandes de confirmation adress\u00e9es\naux banques.<\/p>\n\n\n\n<p>Etc.<\/p>\n\n\n\n<p><strong><img decoding=\"async\" src=\"http:\/\/www.sogecaburkina.com\/wp-content\/uploads\/2020\/05\/yes.png\"> Des conseils en organisations des entreprises<\/strong><\/p>\n\n\n\n<p>&nbsp;&nbsp;&nbsp;&nbsp;&nbsp;&nbsp;&nbsp;&nbsp;&nbsp;&nbsp;&nbsp; 1\n&#8211; Etablissement de l&#8217;organigramme structurel,<\/p>\n\n\n\n<p>&nbsp;&nbsp;&nbsp;&nbsp;&nbsp;&nbsp;&nbsp;&nbsp;&nbsp;&nbsp;&nbsp; 2 &#8211; D\u00e9finition des fonctions et\nt\u00e2ches,<\/p>\n\n\n\n<p>&nbsp;&nbsp;&nbsp;&nbsp;&nbsp;&nbsp;&nbsp;&nbsp;&nbsp;&nbsp;&nbsp; 3 &#8211; Organisation et communications\ninteractives entre fonctions,<\/p>\n\n\n\n<p>&nbsp;&nbsp;&nbsp;&nbsp;&nbsp;&nbsp;&nbsp;&nbsp;&nbsp;&nbsp;&nbsp; 4 &#8211; R\u00e9daction de manuel des\nproc\u00e9dures,<\/p>\n\n\n\n<p>&nbsp;&nbsp;&nbsp;&nbsp;&nbsp;&nbsp;&nbsp;&nbsp;&nbsp;&nbsp;&nbsp; 5 &#8211; Consultant aupr\u00e8s de la direction,<\/p>\n\n\n\n<p>            6 &#8211; Strat\u00e9gie, management, culture d&#8217;entreprise et \u00e9thique.<\/p>\n\n\n\n<p><strong>Une formation\nadapt\u00e9e aux besoins de la&nbsp; client\u00e8le<\/strong><\/p>\n\n\n\n<p>Les\nth\u00e8mes d\u00e9velopp\u00e9s pour le public suivant&nbsp;:<\/p>\n\n\n\n<p>&nbsp;&nbsp;&nbsp;&nbsp;&nbsp;&nbsp;&nbsp;&nbsp;&nbsp;&nbsp;&nbsp;&nbsp;&nbsp;&nbsp;&nbsp;&nbsp;&nbsp;&nbsp;&nbsp;&nbsp;&nbsp;&nbsp;&nbsp; &#8211; comptables,<\/p>\n\n\n\n<p>&nbsp;&nbsp;&nbsp;&nbsp;&nbsp;&nbsp;&nbsp;&nbsp;&nbsp;&nbsp;&nbsp;&nbsp;&nbsp;&nbsp;&nbsp;&nbsp;&nbsp;&nbsp;&nbsp;&nbsp;&nbsp;&nbsp;&nbsp; &#8211; gestionnaires du\npersonnel,<\/p>\n\n\n\n<p>&nbsp;&nbsp;&nbsp;&nbsp;&nbsp;&nbsp;&nbsp;&nbsp;&nbsp;&nbsp;&nbsp;&nbsp;&nbsp;&nbsp;&nbsp;&nbsp;&nbsp;&nbsp;&nbsp;&nbsp;&nbsp;&nbsp;&nbsp; &#8211; directeurs\nadministratifs et financiers,<\/p>\n\n\n\n<p>&nbsp;&nbsp;&nbsp;&nbsp;&nbsp;&nbsp;&nbsp;&nbsp;&nbsp;&nbsp;&nbsp;&nbsp;&nbsp;&nbsp;&nbsp;&nbsp;&nbsp;&nbsp;&nbsp;&nbsp;&nbsp;&nbsp;&nbsp; &#8211; directeurs commerciaux.<\/p>\n","protected":false},"excerpt":{"rendered":"<p>Audit &#8211; Contr\u00f4les Comptables &amp; Financiers Contr\u00f4les l\u00e9gaux Commissariat aux comptes Il s&#8217;agit de contr\u00f4le l\u00e9gal et externe men\u00e9 de mani\u00e8re permanente par un ou plusieurs commissaires aux comptes ayant pour objectif principal la v\u00e9rification de la r\u00e9gularit\u00e9, de la sinc\u00e9rit\u00e9 et de l&#8217;image fid\u00e8le des comptes. Commissariat aux apports, \u00e0 la transformation, \u00e0 la [&hellip;]<\/p>\n","protected":false},"author":1,"featured_media":0,"parent":0,"menu_order":0,"comment_status":"closed","ping_status":"closed","template":"","meta":{"footnotes":""},"class_list":["post-31","page","type-page","status-publish","hentry"],"yoast_head":"<!-- This site is optimized with the Yoast SEO plugin v26.5 - https:\/\/yoast.com\/wordpress\/plugins\/seo\/ -->\n<title>Audits - Contr\u00f4les Comptables &amp; Financiers - SOGECA<\/title>\n<meta name=\"description\" content=\"Le Cabinet SOGECA International est sp\u00e9cialis\u00e9 en audits, contr\u00f4les comptables et financiers, en apurement de comptes, en assistance comptable, assistance en gestion, et \u00e9tudes de projets structurants, en conseils juridiques et fiscaux, en formation adapt\u00e9e \u00e0 vos besoins\u2026\" \/>\n<meta name=\"robots\" content=\"index, follow, max-snippet:-1, max-image-preview:large, max-video-preview:-1\" \/>\n<link rel=\"canonical\" href=\"https:\/\/www.sogecaburkina.com\/?page_id=31\" \/>\n<meta property=\"og:locale\" content=\"en_US\" \/>\n<meta property=\"og:type\" content=\"article\" \/>\n<meta property=\"og:title\" content=\"Audits - Contr\u00f4les Comptables &amp; Financiers - SOGECA\" \/>\n<meta property=\"og:description\" content=\"Le Cabinet SOGECA International est sp\u00e9cialis\u00e9 en audits, contr\u00f4les comptables et financiers, en apurement de comptes, en assistance comptable, assistance en gestion, et \u00e9tudes de projets structurants, en conseils juridiques et fiscaux, en formation adapt\u00e9e \u00e0 vos besoins\u2026\" \/>\n<meta property=\"og:url\" content=\"https:\/\/www.sogecaburkina.com\/?page_id=31\" \/>\n<meta property=\"og:site_name\" content=\"SOGECA\" \/>\n<meta property=\"article:modified_time\" content=\"2025-12-06T13:18:02+00:00\" \/>\n<meta property=\"og:image\" content=\"http:\/\/www.sogecaburkina.com\/wp-content\/uploads\/2020\/05\/yes.png\" \/>\n<meta name=\"twitter:card\" content=\"summary_large_image\" \/>\n<meta name=\"twitter:label1\" content=\"Est. reading time\" \/>\n\t<meta name=\"twitter:data1\" content=\"3 minutes\" \/>\n<script type=\"application\/ld+json\" class=\"yoast-schema-graph\">{\"@context\":\"https:\/\/schema.org\",\"@graph\":[{\"@type\":\"WebPage\",\"@id\":\"https:\/\/www.sogecaburkina.com\/?page_id=31\",\"url\":\"https:\/\/www.sogecaburkina.com\/?page_id=31\",\"name\":\"Audits - Contr\u00f4les Comptables & Financiers - SOGECA\",\"isPartOf\":{\"@id\":\"https:\/\/www.sogecaburkina.com\/#website\"},\"primaryImageOfPage\":{\"@id\":\"https:\/\/www.sogecaburkina.com\/?page_id=31#primaryimage\"},\"image\":{\"@id\":\"https:\/\/www.sogecaburkina.com\/?page_id=31#primaryimage\"},\"thumbnailUrl\":\"http:\/\/www.sogecaburkina.com\/wp-content\/uploads\/2020\/05\/yes.png\",\"datePublished\":\"2020-05-21T10:41:01+00:00\",\"dateModified\":\"2025-12-06T13:18:02+00:00\",\"description\":\"Le Cabinet SOGECA International est sp\u00e9cialis\u00e9 en audits, contr\u00f4les comptables et financiers, en apurement de comptes, en assistance comptable, assistance en gestion, et \u00e9tudes de projets structurants, en conseils juridiques et fiscaux, en formation adapt\u00e9e \u00e0 vos besoins\u2026\",\"breadcrumb\":{\"@id\":\"https:\/\/www.sogecaburkina.com\/?page_id=31#breadcrumb\"},\"inLanguage\":\"en-US\",\"potentialAction\":[{\"@type\":\"ReadAction\",\"target\":[\"https:\/\/www.sogecaburkina.com\/?page_id=31\"]}]},{\"@type\":\"ImageObject\",\"inLanguage\":\"en-US\",\"@id\":\"https:\/\/www.sogecaburkina.com\/?page_id=31#primaryimage\",\"url\":\"https:\/\/www.sogecaburkina.com\/wp-content\/uploads\/2020\/05\/yes.png\",\"contentUrl\":\"https:\/\/www.sogecaburkina.com\/wp-content\/uploads\/2020\/05\/yes.png\",\"width\":16,\"height\":16},{\"@type\":\"BreadcrumbList\",\"@id\":\"https:\/\/www.sogecaburkina.com\/?page_id=31#breadcrumb\",\"itemListElement\":[{\"@type\":\"ListItem\",\"position\":1,\"name\":\"Home\",\"item\":\"https:\/\/www.sogecaburkina.com\/\"},{\"@type\":\"ListItem\",\"position\":2,\"name\":\"Audits &#8211; Contr\u00f4les Comptables &#038; Financiers\"}]},{\"@type\":\"WebSite\",\"@id\":\"https:\/\/www.sogecaburkina.com\/#website\",\"url\":\"https:\/\/www.sogecaburkina.com\/\",\"name\":\"SOGECA\",\"description\":\"Expertise comptable et d&#039;audits Burkina Faso\",\"publisher\":{\"@id\":\"https:\/\/www.sogecaburkina.com\/#organization\"},\"potentialAction\":[{\"@type\":\"SearchAction\",\"target\":{\"@type\":\"EntryPoint\",\"urlTemplate\":\"https:\/\/www.sogecaburkina.com\/?s={search_term_string}\"},\"query-input\":{\"@type\":\"PropertyValueSpecification\",\"valueRequired\":true,\"valueName\":\"search_term_string\"}}],\"inLanguage\":\"en-US\"},{\"@type\":\"Organization\",\"@id\":\"https:\/\/www.sogecaburkina.com\/#organization\",\"name\":\"SOGECA, Expertise comptable et d'audits\",\"url\":\"https:\/\/www.sogecaburkina.com\/\",\"logo\":{\"@type\":\"ImageObject\",\"inLanguage\":\"en-US\",\"@id\":\"https:\/\/www.sogecaburkina.com\/#\/schema\/logo\/image\/\",\"url\":\"https:\/\/www.sogecaburkina.com\/wp-content\/uploads\/2025\/12\/cropped-cropped-logo_entete-3-Copie-OK.png\",\"contentUrl\":\"https:\/\/www.sogecaburkina.com\/wp-content\/uploads\/2025\/12\/cropped-cropped-logo_entete-3-Copie-OK.png\",\"width\":80,\"height\":74,\"caption\":\"SOGECA, Expertise comptable et d'audits\"},\"image\":{\"@id\":\"https:\/\/www.sogecaburkina.com\/#\/schema\/logo\/image\/\"}}]}<\/script>\n<!-- \/ Yoast SEO plugin. -->","yoast_head_json":{"title":"Audits - Contr\u00f4les Comptables & Financiers - SOGECA","description":"Le Cabinet SOGECA International est sp\u00e9cialis\u00e9 en audits, contr\u00f4les comptables et financiers, en apurement de comptes, en assistance comptable, assistance en gestion, et \u00e9tudes de projets structurants, en conseils juridiques et fiscaux, en formation adapt\u00e9e \u00e0 vos besoins\u2026","robots":{"index":"index","follow":"follow","max-snippet":"max-snippet:-1","max-image-preview":"max-image-preview:large","max-video-preview":"max-video-preview:-1"},"canonical":"https:\/\/www.sogecaburkina.com\/?page_id=31","og_locale":"en_US","og_type":"article","og_title":"Audits - Contr\u00f4les Comptables & Financiers - SOGECA","og_description":"Le Cabinet SOGECA International est sp\u00e9cialis\u00e9 en audits, contr\u00f4les comptables et financiers, en apurement de comptes, en assistance comptable, assistance en gestion, et \u00e9tudes de projets structurants, en conseils juridiques et fiscaux, en formation adapt\u00e9e \u00e0 vos besoins\u2026","og_url":"https:\/\/www.sogecaburkina.com\/?page_id=31","og_site_name":"SOGECA","article_modified_time":"2025-12-06T13:18:02+00:00","og_image":[{"url":"http:\/\/www.sogecaburkina.com\/wp-content\/uploads\/2020\/05\/yes.png","type":"","width":"","height":""}],"twitter_card":"summary_large_image","twitter_misc":{"Est. reading time":"3 minutes"},"schema":{"@context":"https:\/\/schema.org","@graph":[{"@type":"WebPage","@id":"https:\/\/www.sogecaburkina.com\/?page_id=31","url":"https:\/\/www.sogecaburkina.com\/?page_id=31","name":"Audits - Contr\u00f4les Comptables & Financiers - SOGECA","isPartOf":{"@id":"https:\/\/www.sogecaburkina.com\/#website"},"primaryImageOfPage":{"@id":"https:\/\/www.sogecaburkina.com\/?page_id=31#primaryimage"},"image":{"@id":"https:\/\/www.sogecaburkina.com\/?page_id=31#primaryimage"},"thumbnailUrl":"http:\/\/www.sogecaburkina.com\/wp-content\/uploads\/2020\/05\/yes.png","datePublished":"2020-05-21T10:41:01+00:00","dateModified":"2025-12-06T13:18:02+00:00","description":"Le Cabinet SOGECA International est sp\u00e9cialis\u00e9 en audits, contr\u00f4les comptables et financiers, en apurement de comptes, en assistance comptable, assistance en gestion, et \u00e9tudes de projets structurants, en conseils juridiques et fiscaux, en formation adapt\u00e9e \u00e0 vos besoins\u2026","breadcrumb":{"@id":"https:\/\/www.sogecaburkina.com\/?page_id=31#breadcrumb"},"inLanguage":"en-US","potentialAction":[{"@type":"ReadAction","target":["https:\/\/www.sogecaburkina.com\/?page_id=31"]}]},{"@type":"ImageObject","inLanguage":"en-US","@id":"https:\/\/www.sogecaburkina.com\/?page_id=31#primaryimage","url":"https:\/\/www.sogecaburkina.com\/wp-content\/uploads\/2020\/05\/yes.png","contentUrl":"https:\/\/www.sogecaburkina.com\/wp-content\/uploads\/2020\/05\/yes.png","width":16,"height":16},{"@type":"BreadcrumbList","@id":"https:\/\/www.sogecaburkina.com\/?page_id=31#breadcrumb","itemListElement":[{"@type":"ListItem","position":1,"name":"Home","item":"https:\/\/www.sogecaburkina.com\/"},{"@type":"ListItem","position":2,"name":"Audits &#8211; Contr\u00f4les Comptables &#038; Financiers"}]},{"@type":"WebSite","@id":"https:\/\/www.sogecaburkina.com\/#website","url":"https:\/\/www.sogecaburkina.com\/","name":"SOGECA","description":"Expertise comptable et d&#039;audits Burkina Faso","publisher":{"@id":"https:\/\/www.sogecaburkina.com\/#organization"},"potentialAction":[{"@type":"SearchAction","target":{"@type":"EntryPoint","urlTemplate":"https:\/\/www.sogecaburkina.com\/?s={search_term_string}"},"query-input":{"@type":"PropertyValueSpecification","valueRequired":true,"valueName":"search_term_string"}}],"inLanguage":"en-US"},{"@type":"Organization","@id":"https:\/\/www.sogecaburkina.com\/#organization","name":"SOGECA, Expertise comptable et d'audits","url":"https:\/\/www.sogecaburkina.com\/","logo":{"@type":"ImageObject","inLanguage":"en-US","@id":"https:\/\/www.sogecaburkina.com\/#\/schema\/logo\/image\/","url":"https:\/\/www.sogecaburkina.com\/wp-content\/uploads\/2025\/12\/cropped-cropped-logo_entete-3-Copie-OK.png","contentUrl":"https:\/\/www.sogecaburkina.com\/wp-content\/uploads\/2025\/12\/cropped-cropped-logo_entete-3-Copie-OK.png","width":80,"height":74,"caption":"SOGECA, Expertise comptable et d'audits"},"image":{"@id":"https:\/\/www.sogecaburkina.com\/#\/schema\/logo\/image\/"}}]}},"_links":{"self":[{"href":"https:\/\/www.sogecaburkina.com\/index.php?rest_route=\/wp\/v2\/pages\/31","targetHints":{"allow":["GET"]}}],"collection":[{"href":"https:\/\/www.sogecaburkina.com\/index.php?rest_route=\/wp\/v2\/pages"}],"about":[{"href":"https:\/\/www.sogecaburkina.com\/index.php?rest_route=\/wp\/v2\/types\/page"}],"author":[{"embeddable":true,"href":"https:\/\/www.sogecaburkina.com\/index.php?rest_route=\/wp\/v2\/users\/1"}],"replies":[{"embeddable":true,"href":"https:\/\/www.sogecaburkina.com\/index.php?rest_route=%2Fwp%2Fv2%2Fcomments&post=31"}],"version-history":[{"count":19,"href":"https:\/\/www.sogecaburkina.com\/index.php?rest_route=\/wp\/v2\/pages\/31\/revisions"}],"predecessor-version":[{"id":1229,"href":"https:\/\/www.sogecaburkina.com\/index.php?rest_route=\/wp\/v2\/pages\/31\/revisions\/1229"}],"wp:attachment":[{"href":"https:\/\/www.sogecaburkina.com\/index.php?rest_route=%2Fwp%2Fv2%2Fmedia&parent=31"}],"curies":[{"name":"wp","href":"https:\/\/api.w.org\/{rel}","templated":true}]}}