{"id":22,"date":"2020-05-21T10:35:38","date_gmt":"2020-05-21T10:35:38","guid":{"rendered":"http:\/\/www.sogecaburkina.com\/?page_id=22"},"modified":"2020-06-02T07:16:05","modified_gmt":"2020-06-02T07:16:05","slug":"nos-moyens-daction","status":"publish","type":"page","link":"https:\/\/www.sogecaburkina.com\/?page_id=22","title":{"rendered":"Nos moyens d&#8217;action"},"content":{"rendered":"\n<p style=\"color:#00aae8\" class=\"has-text-color page_title\">Nos moyens d&#8217;action<\/p>\n\n\n\n<p>Pour la r\u00e9alisation de ses activit\u00e9s, SOGECA dispose d&#8217;infrastructures et de logistiques de pointe.<\/p>\n\n\n<p>&nbsp;<\/p>\n\n\n\n<center><img decoding=\"async\" class=\"materiel\" src=\"http:\/\/www.sogecaburkina.com\/wp-content\/uploads\/2020\/06\/fleche_vertical.png\"\/><center\/>\n\n\n\n<p style=\"color:#ff0019;text-align:center; font-family:Californian FB\" class=\"has-text-color\">Des ordinateurs de bureaux All In One performants<\/p>\n\n\n\n<p style=\"color:#ff0019;text-align:center; font-family:Californian FB\" class=\"has-text-color\">Des ordinateurs portables<\/p>\n\n\n\n<p style=\"color:#ff0019;text-align:center; font-family:Californian FB\" class=\"has-text-color\">Une connexion internet permanente et haut d\u00e9bit<\/p>\n\n\n\n<p style=\"color:#ff0019;text-align:center; font-family:Californian FB\" class=\"has-text-color\">Plusieurs mobiliers de bureau<\/p>\n\n\n\n<p style=\"color:#ff0019;text-align:center; font-family:Californian FB\" class=\"has-text-color\">Des mobiliers salle de formation<\/p>\n\n\n\n<p style=\"color:#ff0019;text-align:center; font-family:Californian FB\" class=\"has-text-color\">Des mobiliers salle d&#8217;accueil<\/p>\n\n\n\n<p style=\"color:#ff0019;text-align:center; font-family:Californian FB\" class=\"has-text-color\">Des \u00e9crans de t\u00e9l\u00e9transmission<\/p>\n\n\n\n<p style=\"color:#ff0019;text-align:center; font-family:Californian FB\" class=\"has-text-color\">De vid\u00e9o-projecteurs<\/p>\n\n\n\n<p style=\"color:#ff0019;text-align:center; font-family:Californian FB\" class=\"has-text-color\">De scanners, imprimantes &amp; photocopieuses<\/p>\n\n\n\n<p style=\"color:#ff0019;text-align:center; font-family:Californian FB\" class=\"has-text-color\">De mat\u00e9riel de transport, etc.<\/p>\n","protected":false},"excerpt":{"rendered":"<p>Nos moyens d&#8217;action Pour la r\u00e9alisation de ses activit\u00e9s, SOGECA dispose d&#8217;infrastructures et de logistiques de pointe. Des ordinateurs de bureaux All In One performants Des ordinateurs portables Une connexion internet permanente et haut d\u00e9bit Plusieurs mobiliers de bureau Des mobiliers salle de formation Des mobiliers salle d&#8217;accueil Des \u00e9crans de t\u00e9l\u00e9transmission De vid\u00e9o-projecteurs De [&hellip;]<\/p>\n","protected":false},"author":1,"featured_media":0,"parent":0,"menu_order":0,"comment_status":"closed","ping_status":"closed","template":"","meta":{"footnotes":""},"class_list":["post-22","page","type-page","status-publish","hentry"],"yoast_head":"<!-- This site is optimized with the Yoast SEO plugin v26.5 - https:\/\/yoast.com\/wordpress\/plugins\/seo\/ -->\n<title>Nos moyens d&#039;action - SOGECA<\/title>\n<meta name=\"robots\" content=\"index, follow, max-snippet:-1, max-image-preview:large, max-video-preview:-1\" \/>\n<link rel=\"canonical\" href=\"https:\/\/www.sogecaburkina.com\/?page_id=22\" \/>\n<meta property=\"og:locale\" content=\"en_US\" \/>\n<meta property=\"og:type\" content=\"article\" \/>\n<meta property=\"og:title\" content=\"Nos moyens d&#039;action - SOGECA\" \/>\n<meta property=\"og:description\" content=\"Nos moyens d&#8217;action Pour la r\u00e9alisation de ses activit\u00e9s, SOGECA dispose d&#8217;infrastructures et de logistiques de pointe. Des ordinateurs de bureaux All In One performants Des ordinateurs portables Une connexion internet permanente et haut d\u00e9bit Plusieurs mobiliers de bureau Des mobiliers salle de formation Des mobiliers salle d&#8217;accueil Des \u00e9crans de t\u00e9l\u00e9transmission De vid\u00e9o-projecteurs De [&hellip;]\" \/>\n<meta property=\"og:url\" content=\"https:\/\/www.sogecaburkina.com\/?page_id=22\" \/>\n<meta property=\"og:site_name\" content=\"SOGECA\" \/>\n<meta property=\"article:modified_time\" content=\"2020-06-02T07:16:05+00:00\" \/>\n<meta property=\"og:image\" content=\"http:\/\/www.sogecaburkina.com\/wp-content\/uploads\/2020\/06\/fleche_vertical.png\" \/>\n<meta name=\"twitter:card\" content=\"summary_large_image\" \/>\n<script type=\"application\/ld+json\" class=\"yoast-schema-graph\">{\"@context\":\"https:\/\/schema.org\",\"@graph\":[{\"@type\":\"WebPage\",\"@id\":\"https:\/\/www.sogecaburkina.com\/?page_id=22\",\"url\":\"https:\/\/www.sogecaburkina.com\/?page_id=22\",\"name\":\"Nos moyens d'action - SOGECA\",\"isPartOf\":{\"@id\":\"https:\/\/www.sogecaburkina.com\/#website\"},\"primaryImageOfPage\":{\"@id\":\"https:\/\/www.sogecaburkina.com\/?page_id=22#primaryimage\"},\"image\":{\"@id\":\"https:\/\/www.sogecaburkina.com\/?page_id=22#primaryimage\"},\"thumbnailUrl\":\"http:\/\/www.sogecaburkina.com\/wp-content\/uploads\/2020\/06\/fleche_vertical.png\",\"datePublished\":\"2020-05-21T10:35:38+00:00\",\"dateModified\":\"2020-06-02T07:16:05+00:00\",\"breadcrumb\":{\"@id\":\"https:\/\/www.sogecaburkina.com\/?page_id=22#breadcrumb\"},\"inLanguage\":\"en-US\",\"potentialAction\":[{\"@type\":\"ReadAction\",\"target\":[\"https:\/\/www.sogecaburkina.com\/?page_id=22\"]}]},{\"@type\":\"ImageObject\",\"inLanguage\":\"en-US\",\"@id\":\"https:\/\/www.sogecaburkina.com\/?page_id=22#primaryimage\",\"url\":\"https:\/\/www.sogecaburkina.com\/wp-content\/uploads\/2020\/06\/fleche_vertical.png\",\"contentUrl\":\"https:\/\/www.sogecaburkina.com\/wp-content\/uploads\/2020\/06\/fleche_vertical.png\",\"width\":33,\"height\":39},{\"@type\":\"BreadcrumbList\",\"@id\":\"https:\/\/www.sogecaburkina.com\/?page_id=22#breadcrumb\",\"itemListElement\":[{\"@type\":\"ListItem\",\"position\":1,\"name\":\"Home\",\"item\":\"https:\/\/www.sogecaburkina.com\/\"},{\"@type\":\"ListItem\",\"position\":2,\"name\":\"Nos moyens d&#8217;action\"}]},{\"@type\":\"WebSite\",\"@id\":\"https:\/\/www.sogecaburkina.com\/#website\",\"url\":\"https:\/\/www.sogecaburkina.com\/\",\"name\":\"SOGECA\",\"description\":\"Expertise comptable et d&#039;audits Burkina Faso\",\"publisher\":{\"@id\":\"https:\/\/www.sogecaburkina.com\/#organization\"},\"potentialAction\":[{\"@type\":\"SearchAction\",\"target\":{\"@type\":\"EntryPoint\",\"urlTemplate\":\"https:\/\/www.sogecaburkina.com\/?s={search_term_string}\"},\"query-input\":{\"@type\":\"PropertyValueSpecification\",\"valueRequired\":true,\"valueName\":\"search_term_string\"}}],\"inLanguage\":\"en-US\"},{\"@type\":\"Organization\",\"@id\":\"https:\/\/www.sogecaburkina.com\/#organization\",\"name\":\"SOGECA, Expertise comptable et d'audits\",\"url\":\"https:\/\/www.sogecaburkina.com\/\",\"logo\":{\"@type\":\"ImageObject\",\"inLanguage\":\"en-US\",\"@id\":\"https:\/\/www.sogecaburkina.com\/#\/schema\/logo\/image\/\",\"url\":\"https:\/\/www.sogecaburkina.com\/wp-content\/uploads\/2025\/12\/cropped-cropped-logo_entete-3-Copie-OK.png\",\"contentUrl\":\"https:\/\/www.sogecaburkina.com\/wp-content\/uploads\/2025\/12\/cropped-cropped-logo_entete-3-Copie-OK.png\",\"width\":80,\"height\":74,\"caption\":\"SOGECA, Expertise comptable et d'audits\"},\"image\":{\"@id\":\"https:\/\/www.sogecaburkina.com\/#\/schema\/logo\/image\/\"}}]}<\/script>\n<!-- \/ Yoast SEO plugin. -->","yoast_head_json":{"title":"Nos moyens d'action - SOGECA","robots":{"index":"index","follow":"follow","max-snippet":"max-snippet:-1","max-image-preview":"max-image-preview:large","max-video-preview":"max-video-preview:-1"},"canonical":"https:\/\/www.sogecaburkina.com\/?page_id=22","og_locale":"en_US","og_type":"article","og_title":"Nos moyens d'action - SOGECA","og_description":"Nos moyens d&#8217;action Pour la r\u00e9alisation de ses activit\u00e9s, SOGECA dispose d&#8217;infrastructures et de logistiques de pointe. Des ordinateurs de bureaux All In One performants Des ordinateurs portables Une connexion internet permanente et haut d\u00e9bit Plusieurs mobiliers de bureau Des mobiliers salle de formation Des mobiliers salle d&#8217;accueil Des \u00e9crans de t\u00e9l\u00e9transmission De vid\u00e9o-projecteurs De [&hellip;]","og_url":"https:\/\/www.sogecaburkina.com\/?page_id=22","og_site_name":"SOGECA","article_modified_time":"2020-06-02T07:16:05+00:00","og_image":[{"url":"http:\/\/www.sogecaburkina.com\/wp-content\/uploads\/2020\/06\/fleche_vertical.png","type":"","width":"","height":""}],"twitter_card":"summary_large_image","schema":{"@context":"https:\/\/schema.org","@graph":[{"@type":"WebPage","@id":"https:\/\/www.sogecaburkina.com\/?page_id=22","url":"https:\/\/www.sogecaburkina.com\/?page_id=22","name":"Nos moyens d'action - SOGECA","isPartOf":{"@id":"https:\/\/www.sogecaburkina.com\/#website"},"primaryImageOfPage":{"@id":"https:\/\/www.sogecaburkina.com\/?page_id=22#primaryimage"},"image":{"@id":"https:\/\/www.sogecaburkina.com\/?page_id=22#primaryimage"},"thumbnailUrl":"http:\/\/www.sogecaburkina.com\/wp-content\/uploads\/2020\/06\/fleche_vertical.png","datePublished":"2020-05-21T10:35:38+00:00","dateModified":"2020-06-02T07:16:05+00:00","breadcrumb":{"@id":"https:\/\/www.sogecaburkina.com\/?page_id=22#breadcrumb"},"inLanguage":"en-US","potentialAction":[{"@type":"ReadAction","target":["https:\/\/www.sogecaburkina.com\/?page_id=22"]}]},{"@type":"ImageObject","inLanguage":"en-US","@id":"https:\/\/www.sogecaburkina.com\/?page_id=22#primaryimage","url":"https:\/\/www.sogecaburkina.com\/wp-content\/uploads\/2020\/06\/fleche_vertical.png","contentUrl":"https:\/\/www.sogecaburkina.com\/wp-content\/uploads\/2020\/06\/fleche_vertical.png","width":33,"height":39},{"@type":"BreadcrumbList","@id":"https:\/\/www.sogecaburkina.com\/?page_id=22#breadcrumb","itemListElement":[{"@type":"ListItem","position":1,"name":"Home","item":"https:\/\/www.sogecaburkina.com\/"},{"@type":"ListItem","position":2,"name":"Nos moyens d&#8217;action"}]},{"@type":"WebSite","@id":"https:\/\/www.sogecaburkina.com\/#website","url":"https:\/\/www.sogecaburkina.com\/","name":"SOGECA","description":"Expertise comptable et d&#039;audits Burkina Faso","publisher":{"@id":"https:\/\/www.sogecaburkina.com\/#organization"},"potentialAction":[{"@type":"SearchAction","target":{"@type":"EntryPoint","urlTemplate":"https:\/\/www.sogecaburkina.com\/?s={search_term_string}"},"query-input":{"@type":"PropertyValueSpecification","valueRequired":true,"valueName":"search_term_string"}}],"inLanguage":"en-US"},{"@type":"Organization","@id":"https:\/\/www.sogecaburkina.com\/#organization","name":"SOGECA, Expertise comptable et d'audits","url":"https:\/\/www.sogecaburkina.com\/","logo":{"@type":"ImageObject","inLanguage":"en-US","@id":"https:\/\/www.sogecaburkina.com\/#\/schema\/logo\/image\/","url":"https:\/\/www.sogecaburkina.com\/wp-content\/uploads\/2025\/12\/cropped-cropped-logo_entete-3-Copie-OK.png","contentUrl":"https:\/\/www.sogecaburkina.com\/wp-content\/uploads\/2025\/12\/cropped-cropped-logo_entete-3-Copie-OK.png","width":80,"height":74,"caption":"SOGECA, Expertise comptable et d'audits"},"image":{"@id":"https:\/\/www.sogecaburkina.com\/#\/schema\/logo\/image\/"}}]}},"_links":{"self":[{"href":"https:\/\/www.sogecaburkina.com\/index.php?rest_route=\/wp\/v2\/pages\/22","targetHints":{"allow":["GET"]}}],"collection":[{"href":"https:\/\/www.sogecaburkina.com\/index.php?rest_route=\/wp\/v2\/pages"}],"about":[{"href":"https:\/\/www.sogecaburkina.com\/index.php?rest_route=\/wp\/v2\/types\/page"}],"author":[{"embeddable":true,"href":"https:\/\/www.sogecaburkina.com\/index.php?rest_route=\/wp\/v2\/users\/1"}],"replies":[{"embeddable":true,"href":"https:\/\/www.sogecaburkina.com\/index.php?rest_route=%2Fwp%2Fv2%2Fcomments&post=22"}],"version-history":[{"count":17,"href":"https:\/\/www.sogecaburkina.com\/index.php?rest_route=\/wp\/v2\/pages\/22\/revisions"}],"predecessor-version":[{"id":719,"href":"https:\/\/www.sogecaburkina.com\/index.php?rest_route=\/wp\/v2\/pages\/22\/revisions\/719"}],"wp:attachment":[{"href":"https:\/\/www.sogecaburkina.com\/index.php?rest_route=%2Fwp%2Fv2%2Fmedia&parent=22"}],"curies":[{"name":"wp","href":"https:\/\/api.w.org\/{rel}","templated":true}]}}